{"id":18,"date":"2020-08-23T19:22:48","date_gmt":"2020-08-23T22:22:48","guid":{"rendered":"https:\/\/www2.energia.coop\/mexico\/?page_id=18"},"modified":"2025-06-02T14:29:36","modified_gmt":"2025-06-02T17:29:36","slug":"acerca-de-esta-plataforma","status":"publish","type":"page","link":"https:\/\/www2.energia.coop\/mexico\/acerca-de-esta-plataforma\/","title":{"rendered":"Acerca de esta plataforma"},"content":{"rendered":"<h2>Acerca de esta plataforma<\/h2>\n<p><span style=\"font-weight: 400;\">Esta plataforma fue dise\u00f1ada para reunir informaci\u00f3n relevante, clara y oportuna sobre modelos y procesos colectivos, comunitarios y cooperativos de energ\u00eda en M\u00e9xico.\u00a0<\/span><\/p>\n<p><span style=\"font-weight: 400;\">La DGRV \u2013 Confederaci\u00f3n Alemana de Cooperativas- es la organizaci\u00f3n c\u00fapula auditora de alto nivel del sector cooperativo en Alemania.\u00a0<\/span><\/p>\n<p><span style=\"font-weight: 400;\">Desde hace m\u00e1s de 40 a\u00f1os, la DGRV se dedica a la cooperaci\u00f3n internacional para el desarrollo.\u00a0<\/span><\/p>\n<p><span style=\"font-weight: 400;\">En m\u00e1s de 30 pa\u00edses socios, la DGRV brinda consultor\u00edas y ayuda a desarrollar sistemas y estructuras cooperativas con el objetivo de un desarrollo sostenible del sector cooperativo. <\/span><b>La energ\u00eda cooperativa como motor de la transici\u00f3n energ\u00e9tica forma parte de uno de sus ejes de trabajo en diversos proyectos en Am\u00e9rica latina.\u00a0<\/b><\/p>\n<p><span style=\"font-weight: 400;\">Si bien, en algunos pa\u00edses como Alemania o Brasil, las cooperativas de energ\u00eda se han venido desarrollando desde hace algunas d\u00e9cadas, en M\u00e9xico estos procesos se encuentran en una fase inicial. Para cada pa\u00eds hay un contexto espec\u00edfico del mercado el\u00e9ctrico y su regulaci\u00f3n, sin embargo, experiencias y buenas pr\u00e1cticas pueden retomarse para alimentar la transici\u00f3n energ\u00e9tica en diferentes pa\u00edses y regiones.\u00a0<\/span><\/p>\n<p><span style=\"font-weight: 400;\">El objetivo de la plataforma es brindar herramientas que faciliten la conformaci\u00f3n de cooperativas enfocadas en la energ\u00eda sustentable, as\u00ed como la transici\u00f3n energ\u00e9tica de cooperativas y peque\u00f1as unidades de producci\u00f3n ya existentes.\u00a0<\/span><\/p>\n<p><em><span style=\"font-weight: 400;\">La informaci\u00f3n contenida deriva procesos de generaci\u00f3n colectiva de conocimiento en torno a los modelos cooperativos de generaci\u00f3n de energ\u00eda. Si usted quiere formar parte de este proceso y de la red de energ\u00eda cooperativa en M\u00e9xico, puede hacerlo a trav\u00e9s del siguiente formulario :<\/span><\/em><\/p>\n<p><span style=\"color: #3366ff;\"><strong><a style=\"color: #3366ff;\" href=\"https:\/\/docs.google.com\/forms\/d\/e\/1FAIpQLSfhlvi4YMowjqhJR76XL7_izvPqo783KW5A4oyIqfIJKIFrPg\/viewform?usp=sf_link\">HAGA CLIC AQU\u00cd PARA ACCEDER AL FORMULARIO<\/a><\/strong><\/span><\/p>\n<p><em><span style=\"font-weight: 400;\">Si tiene dudas o comentarios puede enviar un correo a <strong><a href=\"mailto:%20contato@energia.coop\">contato@energia.coop<\/a><\/strong> indicando el pa\u00eds al inicio del mensaje.\u00a0<\/span><\/em><\/p>\n<p>&nbsp;<\/p>\n","protected":false},"excerpt":{"rendered":"<p>Acerca de esta plataforma Esta plataforma fue dise\u00f1ada para reunir informaci\u00f3n relevante, clara y oportuna sobre modelos y procesos colectivos, comunitarios y cooperativos de energ\u00eda en M\u00e9xico.\u00a0 La DGRV \u2013 Confederaci\u00f3n Alemana de Cooperativas- es la organizaci\u00f3n c\u00fapula auditora de alto nivel del sector cooperativo en Alemania.\u00a0 Desde hace m\u00e1s de 40 a\u00f1os, la DGRV [&hellip;]<\/p>\n","protected":false},"author":2,"featured_media":57,"parent":0,"menu_order":12,"comment_status":"closed","ping_status":"closed","template":"page-sobre.php","meta":{"footnotes":""},"class_list":["post-18","page","type-page","status-publish","has-post-thumbnail","hentry"],"yoast_head":"<!-- This site is optimized with the Yoast SEO plugin v27.4 - https:\/\/yoast.com\/product\/yoast-seo-wordpress\/ -->\n<title>Acerca de esta plataforma - Energia Cooperativa<\/title>\n<meta name=\"robots\" content=\"index, follow, max-snippet:-1, max-image-preview:large, max-video-preview:-1\" \/>\n<link rel=\"canonical\" href=\"https:\/\/www2.energia.coop\/mexico\/acerca-de-esta-plataforma\/\" \/>\n<meta property=\"og:locale\" content=\"pt_BR\" \/>\n<meta property=\"og:type\" content=\"article\" \/>\n<meta property=\"og:title\" content=\"Acerca de esta plataforma - Energia Cooperativa\" \/>\n<meta property=\"og:description\" content=\"Acerca de esta plataforma Esta plataforma fue dise\u00f1ada para reunir informaci\u00f3n relevante, clara y oportuna sobre modelos y procesos colectivos, comunitarios y cooperativos de energ\u00eda en M\u00e9xico.\u00a0 La DGRV \u2013 Confederaci\u00f3n Alemana de Cooperativas- es la organizaci\u00f3n c\u00fapula auditora de alto nivel del sector cooperativo en Alemania.\u00a0 Desde hace m\u00e1s de 40 a\u00f1os, la DGRV [&hellip;]\" \/>\n<meta property=\"og:url\" content=\"https:\/\/www2.energia.coop\/mexico\/acerca-de-esta-plataforma\/\" \/>\n<meta property=\"og:site_name\" content=\"Energia Cooperativa\" \/>\n<meta property=\"article:modified_time\" content=\"2025-06-02T17:29:36+00:00\" \/>\n<meta property=\"og:image\" content=\"https:\/\/www2.energia.coop\/mexico\/wp-content\/uploads\/2020\/08\/gr_sobre.jpg\" \/>\n\t<meta property=\"og:image:width\" content=\"488\" \/>\n\t<meta property=\"og:image:height\" content=\"683\" \/>\n\t<meta property=\"og:image:type\" content=\"image\/jpeg\" \/>\n<meta name=\"twitter:card\" content=\"summary_large_image\" \/>\n<meta name=\"twitter:label1\" content=\"Est. tempo de leitura\" \/>\n\t<meta name=\"twitter:data1\" content=\"2 minutos\" \/>\n<script type=\"application\/ld+json\" class=\"yoast-schema-graph\">{\"@context\":\"https:\\\/\\\/schema.org\",\"@graph\":[{\"@type\":\"WebPage\",\"@id\":\"https:\\\/\\\/www2.energia.coop\\\/mexico\\\/acerca-de-esta-plataforma\\\/\",\"url\":\"https:\\\/\\\/www2.energia.coop\\\/mexico\\\/acerca-de-esta-plataforma\\\/\",\"name\":\"Acerca de esta plataforma - Energia Cooperativa\",\"isPartOf\":{\"@id\":\"https:\\\/\\\/www2.energia.coop\\\/mexico\\\/#website\"},\"primaryImageOfPage\":{\"@id\":\"https:\\\/\\\/www2.energia.coop\\\/mexico\\\/acerca-de-esta-plataforma\\\/#primaryimage\"},\"image\":{\"@id\":\"https:\\\/\\\/www2.energia.coop\\\/mexico\\\/acerca-de-esta-plataforma\\\/#primaryimage\"},\"thumbnailUrl\":\"https:\\\/\\\/www2.energia.coop\\\/mexico\\\/wp-content\\\/uploads\\\/2020\\\/08\\\/gr_sobre.jpg\",\"datePublished\":\"2020-08-23T22:22:48+00:00\",\"dateModified\":\"2025-06-02T17:29:36+00:00\",\"inLanguage\":\"pt-BR\",\"potentialAction\":[{\"@type\":\"ReadAction\",\"target\":[\"https:\\\/\\\/www2.energia.coop\\\/mexico\\\/acerca-de-esta-plataforma\\\/\"]}]},{\"@type\":\"ImageObject\",\"inLanguage\":\"pt-BR\",\"@id\":\"https:\\\/\\\/www2.energia.coop\\\/mexico\\\/acerca-de-esta-plataforma\\\/#primaryimage\",\"url\":\"https:\\\/\\\/www2.energia.coop\\\/mexico\\\/wp-content\\\/uploads\\\/2020\\\/08\\\/gr_sobre.jpg\",\"contentUrl\":\"https:\\\/\\\/www2.energia.coop\\\/mexico\\\/wp-content\\\/uploads\\\/2020\\\/08\\\/gr_sobre.jpg\",\"width\":488,\"height\":683,\"caption\":\"Desenho animado com um grupo de pessoas que est\u00e3o fora sob dois s\u00f3is e geram eletricidade a partir de usinas e\u00f3licas\"},{\"@type\":\"WebSite\",\"@id\":\"https:\\\/\\\/www2.energia.coop\\\/mexico\\\/#website\",\"url\":\"https:\\\/\\\/www2.energia.coop\\\/mexico\\\/\",\"name\":\"Energia Cooperativa\",\"description\":\"\",\"potentialAction\":[{\"@type\":\"SearchAction\",\"target\":{\"@type\":\"EntryPoint\",\"urlTemplate\":\"https:\\\/\\\/www2.energia.coop\\\/mexico\\\/?s={search_term_string}\"},\"query-input\":{\"@type\":\"PropertyValueSpecification\",\"valueRequired\":true,\"valueName\":\"search_term_string\"}}],\"inLanguage\":\"pt-BR\"}]}<\/script>\n<!-- \/ Yoast SEO plugin. -->","yoast_head_json":{"title":"Acerca de esta plataforma - Energia Cooperativa","robots":{"index":"index","follow":"follow","max-snippet":"max-snippet:-1","max-image-preview":"max-image-preview:large","max-video-preview":"max-video-preview:-1"},"canonical":"https:\/\/www2.energia.coop\/mexico\/acerca-de-esta-plataforma\/","og_locale":"pt_BR","og_type":"article","og_title":"Acerca de esta plataforma - Energia Cooperativa","og_description":"Acerca de esta plataforma Esta plataforma fue dise\u00f1ada para reunir informaci\u00f3n relevante, clara y oportuna sobre modelos y procesos colectivos, comunitarios y cooperativos de energ\u00eda en M\u00e9xico.\u00a0 La DGRV \u2013 Confederaci\u00f3n Alemana de Cooperativas- es la organizaci\u00f3n c\u00fapula auditora de alto nivel del sector cooperativo en Alemania.\u00a0 Desde hace m\u00e1s de 40 a\u00f1os, la DGRV [&hellip;]","og_url":"https:\/\/www2.energia.coop\/mexico\/acerca-de-esta-plataforma\/","og_site_name":"Energia Cooperativa","article_modified_time":"2025-06-02T17:29:36+00:00","og_image":[{"width":488,"height":683,"url":"https:\/\/www2.energia.coop\/mexico\/wp-content\/uploads\/2020\/08\/gr_sobre.jpg","type":"image\/jpeg"}],"twitter_card":"summary_large_image","twitter_misc":{"Est. tempo de leitura":"2 minutos"},"schema":{"@context":"https:\/\/schema.org","@graph":[{"@type":"WebPage","@id":"https:\/\/www2.energia.coop\/mexico\/acerca-de-esta-plataforma\/","url":"https:\/\/www2.energia.coop\/mexico\/acerca-de-esta-plataforma\/","name":"Acerca de esta plataforma - Energia Cooperativa","isPartOf":{"@id":"https:\/\/www2.energia.coop\/mexico\/#website"},"primaryImageOfPage":{"@id":"https:\/\/www2.energia.coop\/mexico\/acerca-de-esta-plataforma\/#primaryimage"},"image":{"@id":"https:\/\/www2.energia.coop\/mexico\/acerca-de-esta-plataforma\/#primaryimage"},"thumbnailUrl":"https:\/\/www2.energia.coop\/mexico\/wp-content\/uploads\/2020\/08\/gr_sobre.jpg","datePublished":"2020-08-23T22:22:48+00:00","dateModified":"2025-06-02T17:29:36+00:00","inLanguage":"pt-BR","potentialAction":[{"@type":"ReadAction","target":["https:\/\/www2.energia.coop\/mexico\/acerca-de-esta-plataforma\/"]}]},{"@type":"ImageObject","inLanguage":"pt-BR","@id":"https:\/\/www2.energia.coop\/mexico\/acerca-de-esta-plataforma\/#primaryimage","url":"https:\/\/www2.energia.coop\/mexico\/wp-content\/uploads\/2020\/08\/gr_sobre.jpg","contentUrl":"https:\/\/www2.energia.coop\/mexico\/wp-content\/uploads\/2020\/08\/gr_sobre.jpg","width":488,"height":683,"caption":"Desenho animado com um grupo de pessoas que est\u00e3o fora sob dois s\u00f3is e geram eletricidade a partir de usinas e\u00f3licas"},{"@type":"WebSite","@id":"https:\/\/www2.energia.coop\/mexico\/#website","url":"https:\/\/www2.energia.coop\/mexico\/","name":"Energia Cooperativa","description":"","potentialAction":[{"@type":"SearchAction","target":{"@type":"EntryPoint","urlTemplate":"https:\/\/www2.energia.coop\/mexico\/?s={search_term_string}"},"query-input":{"@type":"PropertyValueSpecification","valueRequired":true,"valueName":"search_term_string"}}],"inLanguage":"pt-BR"}]}},"post_mailing_queue_ids":[],"_links":{"self":[{"href":"https:\/\/www2.energia.coop\/mexico\/wp-json\/wp\/v2\/pages\/18","targetHints":{"allow":["GET"]}}],"collection":[{"href":"https:\/\/www2.energia.coop\/mexico\/wp-json\/wp\/v2\/pages"}],"about":[{"href":"https:\/\/www2.energia.coop\/mexico\/wp-json\/wp\/v2\/types\/page"}],"author":[{"embeddable":true,"href":"https:\/\/www2.energia.coop\/mexico\/wp-json\/wp\/v2\/users\/2"}],"replies":[{"embeddable":true,"href":"https:\/\/www2.energia.coop\/mexico\/wp-json\/wp\/v2\/comments?post=18"}],"version-history":[{"count":0,"href":"https:\/\/www2.energia.coop\/mexico\/wp-json\/wp\/v2\/pages\/18\/revisions"}],"wp:featuredmedia":[{"embeddable":true,"href":"https:\/\/www2.energia.coop\/mexico\/wp-json\/wp\/v2\/media\/57"}],"wp:attachment":[{"href":"https:\/\/www2.energia.coop\/mexico\/wp-json\/wp\/v2\/media?parent=18"}],"curies":[{"name":"wp","href":"https:\/\/api.w.org\/{rel}","templated":true}]}}