{"id":16,"date":"2020-08-23T16:02:39","date_gmt":"2020-08-23T19:02:39","guid":{"rendered":"https:\/\/www2.energia.coop\/mexico\/?page_id=16"},"modified":"2023-02-21T18:59:39","modified_gmt":"2023-02-21T21:59:39","slug":"energia-cooperativa","status":"publish","type":"page","link":"https:\/\/www2.energia.coop\/mexico\/energia-cooperativa\/","title":{"rendered":"Energ\u00eda Cooperativa"},"content":{"rendered":"<h2><a id=\"energia\" name=\"energia\"><\/a><b>\u00bfQu\u00e9 es la energ\u00eda cooperativa?\u00a0<\/b><\/h2>\n<p><b>Se refiere a la energ\u00eda que se genera en colectividad para satisfacer las necesidades y aspiraciones econ\u00f3micas, energ\u00e9ticas, ambientales\u00a0 y sociales dentro de una comunidad.\u00a0<\/b><\/p>\n<p><span style=\"font-weight: 400;\">Las <\/span><b>energ\u00edas renovables<\/b><span style=\"font-weight: 400;\"> que son generadas desde iniciativas comunitarias y cooperativas son una alternativa para potenciar el desarrollo local, atendiendo las particularidades y vocaciones de las comunidades y los territorios.\u00a0<\/span><\/p>\n<p><b>Los modelos comunitarios y cooperativos de energ\u00eda tienen como objetivo principal lograr una transici\u00f3n energ\u00e9tica justa, democr\u00e1tica e inclusiva.\u00a0<\/b><\/p>\n<p><span style=\"font-weight: 400;\">La <\/span><b>energ\u00eda sustentable<\/b><span style=\"font-weight: 400;\"> se basa en tres ejes fundamentales: <\/span><b>acceso universal a la energ\u00eda el\u00e9ctrica, eficiencia energ\u00e9tica y generaci\u00f3n con fuentes renovables<\/b><span style=\"font-weight: 400;\"> (IEA, 2016). La <\/span><b>transici\u00f3n energ\u00e9tica<\/b><span style=\"font-weight: 400;\"> representa, adem\u00e1s, una oportunidad para la inclusi\u00f3n de las mujeres en proyectos de energ\u00eda renovable, que resultan m\u00e1s efectivos y eficientes cuando es integrado un an\u00e1lisis participativo de g\u00e9nero, en el que son identificados procesos que vinculan g\u00e9nero, medio ambiente y energ\u00eda (PNUD, 2007).<\/span><\/p>\n<p><span style=\"font-weight: 400;\">Los proyectos de energ\u00eda sustentable que surgen desde la participaci\u00f3n de la comunidad, se caracterizan porque:<\/span><\/p>\n<ol>\n<li style=\"font-weight: 400;\" aria-level=\"1\"><span style=\"font-weight: 400;\">Son las personas quienes poseen, participan o controlan la producci\u00f3n de la energ\u00eda.<\/span><\/li>\n<li style=\"font-weight: 400;\" aria-level=\"1\"><span style=\"font-weight: 400;\">La mayor\u00eda de los beneficios directos del proyecto se distribuyen y retienen en la localidad.<\/span><\/li>\n<\/ol>\n<p>&nbsp;<\/p>\n<p><img loading=\"lazy\" decoding=\"async\" class=\"alignnone size-full wp-image-1986\" src=\"https:\/\/www2.energia.coop\/mexico\/wp-content\/uploads\/2023\/01\/Seccion_2_Imagen_02.png\" alt=\"\" width=\"759\" height=\"458\" srcset=\"https:\/\/www2.energia.coop\/mexico\/wp-content\/uploads\/2023\/01\/Seccion_2_Imagen_02.png 759w, https:\/\/www2.energia.coop\/mexico\/wp-content\/uploads\/2023\/01\/Seccion_2_Imagen_02-300x181.png 300w\" sizes=\"auto, (max-width: 759px) 100vw, 759px\" \/><\/p>\n<h3>Benficios del modelo cooperativo:<\/h3>\n<ul>\n<li>Democratizaci\u00f3n de la energ\u00eda<\/li>\n<li>Inclusi\u00f3n y participaci\u00f3n de todas y todos<\/li>\n<li>Transici\u00f3n energ\u00e9tica<\/li>\n<li>Mitigaci\u00f3n de emisiones<\/li>\n<li>Sustentabilidad<\/li>\n<li>Econom\u00eda social<\/li>\n<li>Desarrollo local<\/li>\n<li>Beneficios econ\u00f3micos<\/li>\n<li>Beneficios fiscales<\/li>\n<li>Beneficios socio ambientales<\/li>\n<\/ul>\n<p>I. Modelos adaptados localmente II. Autonomia energ\u00e9tica III. Especializaci\u00f3n y capacitaci\u00f3n (nuevas tecnolog\u00edas)<\/p>\n<h4><strong>Beneficios econ\u00f3micos<\/strong><\/h4>\n<p><span style=\"font-weight: 400;\">El principal beneficio econ\u00f3mico es reducir el costo de consumo el\u00e9ctrico y en algunos casos, cuando el sistema distribuido genera m\u00e1s energ\u00eda que la consumida, dicho excedente se liquida en efectivo de acuerdo con el precio marginal local.<\/span><\/p>\n<h4><strong>Beneficios fiscales<\/strong><\/h4>\n<p><span style=\"font-weight: 400;\">En cuanto a las sociedades cooperativas de productores de bienes y servicios, existen diferentes beneficios fiscales:<\/span><\/p>\n<ol>\n<li><span style=\"font-weight: 400;\">Calcular el Impuesto Sobre la Renta que les corresponda, conforme al Re\u0301gimen de las Actividades Empresariales y Profesionales (SAT, 2020).<\/span><\/li>\n<li><span style=\"font-weight: 400;\">So\u0301lo calcular el Impuesto Sobre la Renta del ejercicio, sin necesidad de presentar pagos provisionales (SAT, 2020).\u00a0<\/span><\/li>\n<li style=\"font-weight: 400;\" aria-level=\"1\"><span style=\"font-weight: 400;\">Diferir la totalidad del impuesto anual hasta el ejercicio fiscal en el que distribuyan a sus socios la utilidad gravable que les corresponda (SAT, 2020).\u00a0<\/span><\/li>\n<li><span style=\"font-weight: 400;\">Repartir los rendimientos anuales que reporten los balances de las sociedades cooperativas de productores, de acuerdo con el trabajo aportado por cada socio durante el an\u0303o (LGSC, 2018).<\/span><\/li>\n<li><span style=\"font-weight: 400;\">Algunas de las ventajas adicionales con las que cuentan las sociedades cooperativas de consumidores de bienes y\/o servicios y de ahorro y pre\u0301stamo, son que est\u00e1n exentas de pagar el Impuesto Sobre la Renta, s\u00f3lo realizar\u00e1n la retenci\u00f3n y enterar\u00e1n las cantidades a cargo de terceros (SAT, 2020).<\/span><\/li>\n<li><span style=\"font-weight: 400;\">Se podr\u00e1 deducir el 100% del activo fotovoltaico siempre y cuando se mantenga en operaci\u00f3n 5 a\u00f1os posteriores a su operaci\u00f3n (LISR, art. 34).<\/span><\/li>\n<\/ol>\n<h4><strong>Beneficios socio-ambientales<\/strong><\/h4>\n<ul>\n<li><span style=\"font-weight: 400;\">Las cooperativas de energ\u00eda sustentable, promueven la eficiencia energ\u00e9tica, la generaci\u00f3n y consumo de energ\u00eda proveniente de fuentes renovables; apoyan y fomentan la transici\u00f3n energ\u00e9tica en las comunidades y regiones.<\/span><\/li>\n<li>Tambi\u00e9n son generadoras de empleo y creadoras de un cambio cultural para la transici\u00f3n energ\u00e9tica.<\/li>\n<li>Promueven la innovaci\u00f3n y el uso de nuevas tecnolog\u00edas -creaci\u00f3n de capacidades locales-<\/li>\n<li>Pueden facilitar el acceso a la energ\u00eda a quienes a\u00fan no la tienen.<\/li>\n<li>Fortalecen a las poblaciones ante una crisis energ\u00e9tica.<\/li>\n<\/ul>\n<p><b><i>Las cooperativas de energ\u00eda representan una oportunidad para democratizar la energ\u00eda.<\/i><\/b><\/p>\n<p>&nbsp;<\/p>\n<h2><a id=\"formar\" name=\"#formar\"><\/a><b>Para ser parte de la energ\u00eda cooperativa, \u00bfdebo tener la figura jur\u00eddica cooperativa?<\/b><\/h2>\n<p><span style=\"font-weight: 400;\">La respuesta corta es no. La <\/span><b>energ\u00eda cooperativa<\/b><span style=\"font-weight: 400;\"> es un concepto m\u00e1s amplio y no se reduce a una figura jur\u00eddica. El modelo cooperativo tiene ventajas importantes para la gobernanza de los sistemas energ\u00e9ticos y la distribuci\u00f3n equitativa de los beneficios, pero no es la \u00fanica posibilidad de generar energ\u00eda de manera colectiva, la sola uni\u00f3n entre varias personas para cumplir una necesidad o aspiraci\u00f3n en torno a la energ\u00eda y con energ\u00edas m\u00e1s limpias, ya es energ\u00eda cooperativa.\u00a0<\/span><\/p>\n<p><span style=\"font-weight: 400;\">Tambi\u00e9n las comunidades, ejidos, asociaciones de comuneras y comuneros, as\u00ed como los municipios, pueden tener sus iniciativas y proyectos de energ\u00eda cooperativa.\u00a0<\/span><\/p>\n<h2><a id=\"cuando\" name=\"#cuando\"><\/a><b>\u00bfCu\u00e1ndo no hablamos de energ\u00eda cooperativa?<\/b><\/h2>\n<p><span style=\"font-weight: 400;\">Atendiendo a los principios y valores del cooperativismo, la energ\u00eda cooperativa es limpia. La asociaci\u00f3n de las personas en torno a la energ\u00eda tiene objetivos que priorizan la econom\u00eda social y la justicia clim\u00e1tica, as\u00ed como el bienestar de todas las personas asociadas, sus comunidades y ecosistemas.<\/span><\/p>\n<p><span style=\"font-weight: 400;\">La energ\u00eda cooperativa puede ser parte de proyectos m\u00e1s amplios o de cooperativas con objetos sociales mixtos, cuya actividad principal no sea la generaci\u00f3n de energ\u00eda.\u00a0<\/span><\/p>\n<p>No hablamos de energ\u00eda cooperativa cuando las cooperativas de energ\u00eda no procuran la transici\u00f3n energ\u00e9tica,\u00a0 no se rigen por los principios y valores del cooperativismo u obedecen a intereses alejados de estos principios.<\/p>\n","protected":false},"excerpt":{"rendered":"<p>\u00bfQu\u00e9 es la energ\u00eda cooperativa?\u00a0 Se refiere a la energ\u00eda que se genera en colectividad para satisfacer las necesidades y aspiraciones econ\u00f3micas, energ\u00e9ticas, ambientales\u00a0 y sociales dentro de una comunidad.\u00a0 Las energ\u00edas renovables que son generadas desde iniciativas comunitarias y cooperativas son una alternativa para potenciar el desarrollo local, atendiendo las particularidades y vocaciones de [&hellip;]<\/p>\n","protected":false},"author":2,"featured_media":0,"parent":0,"menu_order":7,"comment_status":"closed","ping_status":"closed","template":"","meta":{"footnotes":""},"class_list":["post-16","page","type-page","status-publish","hentry"],"yoast_head":"<!-- This site is optimized with the Yoast SEO plugin v27.4 - https:\/\/yoast.com\/product\/yoast-seo-wordpress\/ -->\n<title>Energ\u00eda Cooperativa - Energia Cooperativa<\/title>\n<meta name=\"robots\" content=\"index, follow, max-snippet:-1, max-image-preview:large, max-video-preview:-1\" \/>\n<link rel=\"canonical\" href=\"https:\/\/www2.energia.coop\/mexico\/energia-cooperativa\/\" \/>\n<meta property=\"og:locale\" content=\"pt_BR\" \/>\n<meta property=\"og:type\" content=\"article\" \/>\n<meta property=\"og:title\" content=\"Energ\u00eda Cooperativa - Energia Cooperativa\" \/>\n<meta property=\"og:description\" content=\"\u00bfQu\u00e9 es la energ\u00eda cooperativa?\u00a0 Se refiere a la energ\u00eda que se genera en colectividad para satisfacer las necesidades y aspiraciones econ\u00f3micas, energ\u00e9ticas, ambientales\u00a0 y sociales dentro de una comunidad.\u00a0 Las energ\u00edas renovables que son generadas desde iniciativas comunitarias y cooperativas son una alternativa para potenciar el desarrollo local, atendiendo las particularidades y vocaciones de [&hellip;]\" \/>\n<meta property=\"og:url\" content=\"https:\/\/www2.energia.coop\/mexico\/energia-cooperativa\/\" \/>\n<meta property=\"og:site_name\" content=\"Energia Cooperativa\" \/>\n<meta property=\"article:modified_time\" content=\"2023-02-21T21:59:39+00:00\" \/>\n<meta property=\"og:image\" content=\"https:\/\/www2.energia.coop\/mexico\/wp-content\/uploads\/2023\/01\/Seccion_2_Imagen_02.png\" \/>\n<meta name=\"twitter:card\" content=\"summary_large_image\" \/>\n<meta name=\"twitter:label1\" content=\"Est. tempo de leitura\" \/>\n\t<meta name=\"twitter:data1\" content=\"5 minutos\" \/>\n<script type=\"application\/ld+json\" class=\"yoast-schema-graph\">{\"@context\":\"https:\\\/\\\/schema.org\",\"@graph\":[{\"@type\":\"WebPage\",\"@id\":\"https:\\\/\\\/www2.energia.coop\\\/mexico\\\/energia-cooperativa\\\/\",\"url\":\"https:\\\/\\\/www2.energia.coop\\\/mexico\\\/energia-cooperativa\\\/\",\"name\":\"Energ\u00eda Cooperativa - Energia Cooperativa\",\"isPartOf\":{\"@id\":\"https:\\\/\\\/www2.energia.coop\\\/mexico\\\/#website\"},\"primaryImageOfPage\":{\"@id\":\"https:\\\/\\\/www2.energia.coop\\\/mexico\\\/energia-cooperativa\\\/#primaryimage\"},\"image\":{\"@id\":\"https:\\\/\\\/www2.energia.coop\\\/mexico\\\/energia-cooperativa\\\/#primaryimage\"},\"thumbnailUrl\":\"https:\\\/\\\/www2.energia.coop\\\/mexico\\\/wp-content\\\/uploads\\\/2023\\\/01\\\/Seccion_2_Imagen_02.png\",\"datePublished\":\"2020-08-23T19:02:39+00:00\",\"dateModified\":\"2023-02-21T21:59:39+00:00\",\"inLanguage\":\"pt-BR\",\"potentialAction\":[{\"@type\":\"ReadAction\",\"target\":[\"https:\\\/\\\/www2.energia.coop\\\/mexico\\\/energia-cooperativa\\\/\"]}]},{\"@type\":\"ImageObject\",\"inLanguage\":\"pt-BR\",\"@id\":\"https:\\\/\\\/www2.energia.coop\\\/mexico\\\/energia-cooperativa\\\/#primaryimage\",\"url\":\"https:\\\/\\\/www2.energia.coop\\\/mexico\\\/wp-content\\\/uploads\\\/2023\\\/01\\\/Seccion_2_Imagen_02.png\",\"contentUrl\":\"https:\\\/\\\/www2.energia.coop\\\/mexico\\\/wp-content\\\/uploads\\\/2023\\\/01\\\/Seccion_2_Imagen_02.png\",\"width\":759,\"height\":458},{\"@type\":\"WebSite\",\"@id\":\"https:\\\/\\\/www2.energia.coop\\\/mexico\\\/#website\",\"url\":\"https:\\\/\\\/www2.energia.coop\\\/mexico\\\/\",\"name\":\"Energia Cooperativa\",\"description\":\"\",\"potentialAction\":[{\"@type\":\"SearchAction\",\"target\":{\"@type\":\"EntryPoint\",\"urlTemplate\":\"https:\\\/\\\/www2.energia.coop\\\/mexico\\\/?s={search_term_string}\"},\"query-input\":{\"@type\":\"PropertyValueSpecification\",\"valueRequired\":true,\"valueName\":\"search_term_string\"}}],\"inLanguage\":\"pt-BR\"}]}<\/script>\n<!-- \/ Yoast SEO plugin. -->","yoast_head_json":{"title":"Energ\u00eda Cooperativa - Energia Cooperativa","robots":{"index":"index","follow":"follow","max-snippet":"max-snippet:-1","max-image-preview":"max-image-preview:large","max-video-preview":"max-video-preview:-1"},"canonical":"https:\/\/www2.energia.coop\/mexico\/energia-cooperativa\/","og_locale":"pt_BR","og_type":"article","og_title":"Energ\u00eda Cooperativa - Energia Cooperativa","og_description":"\u00bfQu\u00e9 es la energ\u00eda cooperativa?\u00a0 Se refiere a la energ\u00eda que se genera en colectividad para satisfacer las necesidades y aspiraciones econ\u00f3micas, energ\u00e9ticas, ambientales\u00a0 y sociales dentro de una comunidad.\u00a0 Las energ\u00edas renovables que son generadas desde iniciativas comunitarias y cooperativas son una alternativa para potenciar el desarrollo local, atendiendo las particularidades y vocaciones de [&hellip;]","og_url":"https:\/\/www2.energia.coop\/mexico\/energia-cooperativa\/","og_site_name":"Energia Cooperativa","article_modified_time":"2023-02-21T21:59:39+00:00","og_image":[{"url":"https:\/\/www2.energia.coop\/mexico\/wp-content\/uploads\/2023\/01\/Seccion_2_Imagen_02.png","type":"","width":"","height":""}],"twitter_card":"summary_large_image","twitter_misc":{"Est. tempo de leitura":"5 minutos"},"schema":{"@context":"https:\/\/schema.org","@graph":[{"@type":"WebPage","@id":"https:\/\/www2.energia.coop\/mexico\/energia-cooperativa\/","url":"https:\/\/www2.energia.coop\/mexico\/energia-cooperativa\/","name":"Energ\u00eda Cooperativa - Energia Cooperativa","isPartOf":{"@id":"https:\/\/www2.energia.coop\/mexico\/#website"},"primaryImageOfPage":{"@id":"https:\/\/www2.energia.coop\/mexico\/energia-cooperativa\/#primaryimage"},"image":{"@id":"https:\/\/www2.energia.coop\/mexico\/energia-cooperativa\/#primaryimage"},"thumbnailUrl":"https:\/\/www2.energia.coop\/mexico\/wp-content\/uploads\/2023\/01\/Seccion_2_Imagen_02.png","datePublished":"2020-08-23T19:02:39+00:00","dateModified":"2023-02-21T21:59:39+00:00","inLanguage":"pt-BR","potentialAction":[{"@type":"ReadAction","target":["https:\/\/www2.energia.coop\/mexico\/energia-cooperativa\/"]}]},{"@type":"ImageObject","inLanguage":"pt-BR","@id":"https:\/\/www2.energia.coop\/mexico\/energia-cooperativa\/#primaryimage","url":"https:\/\/www2.energia.coop\/mexico\/wp-content\/uploads\/2023\/01\/Seccion_2_Imagen_02.png","contentUrl":"https:\/\/www2.energia.coop\/mexico\/wp-content\/uploads\/2023\/01\/Seccion_2_Imagen_02.png","width":759,"height":458},{"@type":"WebSite","@id":"https:\/\/www2.energia.coop\/mexico\/#website","url":"https:\/\/www2.energia.coop\/mexico\/","name":"Energia Cooperativa","description":"","potentialAction":[{"@type":"SearchAction","target":{"@type":"EntryPoint","urlTemplate":"https:\/\/www2.energia.coop\/mexico\/?s={search_term_string}"},"query-input":{"@type":"PropertyValueSpecification","valueRequired":true,"valueName":"search_term_string"}}],"inLanguage":"pt-BR"}]}},"post_mailing_queue_ids":[],"_links":{"self":[{"href":"https:\/\/www2.energia.coop\/mexico\/wp-json\/wp\/v2\/pages\/16","targetHints":{"allow":["GET"]}}],"collection":[{"href":"https:\/\/www2.energia.coop\/mexico\/wp-json\/wp\/v2\/pages"}],"about":[{"href":"https:\/\/www2.energia.coop\/mexico\/wp-json\/wp\/v2\/types\/page"}],"author":[{"embeddable":true,"href":"https:\/\/www2.energia.coop\/mexico\/wp-json\/wp\/v2\/users\/2"}],"replies":[{"embeddable":true,"href":"https:\/\/www2.energia.coop\/mexico\/wp-json\/wp\/v2\/comments?post=16"}],"version-history":[{"count":0,"href":"https:\/\/www2.energia.coop\/mexico\/wp-json\/wp\/v2\/pages\/16\/revisions"}],"wp:attachment":[{"href":"https:\/\/www2.energia.coop\/mexico\/wp-json\/wp\/v2\/media?parent=16"}],"curies":[{"name":"wp","href":"https:\/\/api.w.org\/{rel}","templated":true}]}}