{"id":2278,"date":"2024-11-07T16:06:10","date_gmt":"2024-11-07T19:06:10","guid":{"rendered":"https:\/\/www2.energia.coop\/colombia\/sobre-la-plataforma-2\/"},"modified":"2024-12-16T16:39:20","modified_gmt":"2024-12-16T19:39:20","slug":"terminos-y-condiciones-de-uso","status":"publish","type":"page","link":"https:\/\/www2.energia.coop\/colombia\/terminos-y-condiciones-de-uso\/","title":{"rendered":"T\u00e9rminos y Condiciones de Uso"},"content":{"rendered":"<h2 style=\"text-align: center;font-size:33px;\"><strong>T\u00e9rminos y Condiciones de Uso \u2013 Plataforma Energ\u00eda Cooperativa<\/strong><\/h2>\n<p><strong>\u00a0<\/strong><\/p>\n<p><embed src=\"https:\/\/www2.energia.coop\/colombia\/wp-content\/uploads\/2024\/11\/Energia-Cooperativa_Termos-e-Condicoes-ESP.pdf#toolbar=0\" width=\"100%\" height=\"1000\" \n type=\"application\/pdf\"><\/p>\n","protected":false},"excerpt":{"rendered":"<p>T\u00e9rminos y Condiciones de Uso \u2013 Plataforma Energ\u00eda Cooperativa \u00a0<\/p>\n","protected":false},"author":3,"featured_media":57,"parent":0,"menu_order":12,"comment_status":"closed","ping_status":"closed","template":"page-termos-e-condicoes-de-uso.php","meta":{"footnotes":""},"class_list":["post-2278","page","type-page","status-publish","has-post-thumbnail","hentry"],"yoast_head":"<!-- This site is optimized with the Yoast SEO plugin v27.4 - https:\/\/yoast.com\/product\/yoast-seo-wordpress\/ -->\n<title>T\u00e9rminos y Condiciones de Uso - Energia Cooperativa<\/title>\n<meta name=\"robots\" content=\"index, follow, max-snippet:-1, max-image-preview:large, max-video-preview:-1\" \/>\n<link rel=\"canonical\" href=\"https:\/\/www2.energia.coop\/colombia\/terminos-y-condiciones-de-uso\/\" \/>\n<meta property=\"og:locale\" content=\"pt_BR\" \/>\n<meta property=\"og:type\" content=\"article\" \/>\n<meta property=\"og:title\" content=\"T\u00e9rminos y Condiciones de Uso - Energia Cooperativa\" \/>\n<meta property=\"og:description\" content=\"T\u00e9rminos y Condiciones de Uso \u2013 Plataforma Energ\u00eda Cooperativa \u00a0\" \/>\n<meta property=\"og:url\" content=\"https:\/\/www2.energia.coop\/colombia\/terminos-y-condiciones-de-uso\/\" \/>\n<meta property=\"og:site_name\" content=\"Energia Cooperativa\" \/>\n<meta property=\"article:modified_time\" content=\"2024-12-16T19:39:20+00:00\" \/>\n<meta property=\"og:image\" content=\"https:\/\/www2.energia.coop\/colombia\/wp-content\/uploads\/2020\/08\/gr_sobre.jpg\" \/>\n\t<meta property=\"og:image:width\" content=\"488\" \/>\n\t<meta property=\"og:image:height\" content=\"683\" \/>\n\t<meta property=\"og:image:type\" content=\"image\/jpeg\" \/>\n<meta name=\"twitter:card\" content=\"summary_large_image\" \/>\n<meta name=\"twitter:label1\" content=\"Est. tempo de leitura\" \/>\n\t<meta name=\"twitter:data1\" content=\"1 minuto\" \/>\n<script type=\"application\/ld+json\" class=\"yoast-schema-graph\">{\"@context\":\"https:\\\/\\\/schema.org\",\"@graph\":[{\"@type\":\"WebPage\",\"@id\":\"https:\\\/\\\/www2.energia.coop\\\/colombia\\\/terminos-y-condiciones-de-uso\\\/\",\"url\":\"https:\\\/\\\/www2.energia.coop\\\/colombia\\\/terminos-y-condiciones-de-uso\\\/\",\"name\":\"T\u00e9rminos y Condiciones de Uso - Energia Cooperativa\",\"isPartOf\":{\"@id\":\"https:\\\/\\\/www2.energia.coop\\\/colombia\\\/#website\"},\"primaryImageOfPage\":{\"@id\":\"https:\\\/\\\/www2.energia.coop\\\/colombia\\\/terminos-y-condiciones-de-uso\\\/#primaryimage\"},\"image\":{\"@id\":\"https:\\\/\\\/www2.energia.coop\\\/colombia\\\/terminos-y-condiciones-de-uso\\\/#primaryimage\"},\"thumbnailUrl\":\"https:\\\/\\\/www2.energia.coop\\\/colombia\\\/wp-content\\\/uploads\\\/2020\\\/08\\\/gr_sobre.jpg\",\"datePublished\":\"2024-11-07T19:06:10+00:00\",\"dateModified\":\"2024-12-16T19:39:20+00:00\",\"inLanguage\":\"pt-BR\",\"potentialAction\":[{\"@type\":\"ReadAction\",\"target\":[\"https:\\\/\\\/www2.energia.coop\\\/colombia\\\/terminos-y-condiciones-de-uso\\\/\"]}]},{\"@type\":\"ImageObject\",\"inLanguage\":\"pt-BR\",\"@id\":\"https:\\\/\\\/www2.energia.coop\\\/colombia\\\/terminos-y-condiciones-de-uso\\\/#primaryimage\",\"url\":\"https:\\\/\\\/www2.energia.coop\\\/colombia\\\/wp-content\\\/uploads\\\/2020\\\/08\\\/gr_sobre.jpg\",\"contentUrl\":\"https:\\\/\\\/www2.energia.coop\\\/colombia\\\/wp-content\\\/uploads\\\/2020\\\/08\\\/gr_sobre.jpg\",\"width\":488,\"height\":683,\"caption\":\"Desenho animado com um grupo de pessoas que est\u00e3o fora sob dois s\u00f3is e geram eletricidade a partir de usinas e\u00f3licas\"},{\"@type\":\"WebSite\",\"@id\":\"https:\\\/\\\/www2.energia.coop\\\/colombia\\\/#website\",\"url\":\"https:\\\/\\\/www2.energia.coop\\\/colombia\\\/\",\"name\":\"Energia Cooperativa\",\"description\":\"\",\"potentialAction\":[{\"@type\":\"SearchAction\",\"target\":{\"@type\":\"EntryPoint\",\"urlTemplate\":\"https:\\\/\\\/www2.energia.coop\\\/colombia\\\/?s={search_term_string}\"},\"query-input\":{\"@type\":\"PropertyValueSpecification\",\"valueRequired\":true,\"valueName\":\"search_term_string\"}}],\"inLanguage\":\"pt-BR\"}]}<\/script>\n<!-- \/ Yoast SEO plugin. -->","yoast_head_json":{"title":"T\u00e9rminos y Condiciones de Uso - Energia Cooperativa","robots":{"index":"index","follow":"follow","max-snippet":"max-snippet:-1","max-image-preview":"max-image-preview:large","max-video-preview":"max-video-preview:-1"},"canonical":"https:\/\/www2.energia.coop\/colombia\/terminos-y-condiciones-de-uso\/","og_locale":"pt_BR","og_type":"article","og_title":"T\u00e9rminos y Condiciones de Uso - Energia Cooperativa","og_description":"T\u00e9rminos y Condiciones de Uso \u2013 Plataforma Energ\u00eda Cooperativa \u00a0","og_url":"https:\/\/www2.energia.coop\/colombia\/terminos-y-condiciones-de-uso\/","og_site_name":"Energia Cooperativa","article_modified_time":"2024-12-16T19:39:20+00:00","og_image":[{"width":488,"height":683,"url":"https:\/\/www2.energia.coop\/colombia\/wp-content\/uploads\/2020\/08\/gr_sobre.jpg","type":"image\/jpeg"}],"twitter_card":"summary_large_image","twitter_misc":{"Est. tempo de leitura":"1 minuto"},"schema":{"@context":"https:\/\/schema.org","@graph":[{"@type":"WebPage","@id":"https:\/\/www2.energia.coop\/colombia\/terminos-y-condiciones-de-uso\/","url":"https:\/\/www2.energia.coop\/colombia\/terminos-y-condiciones-de-uso\/","name":"T\u00e9rminos y Condiciones de Uso - Energia Cooperativa","isPartOf":{"@id":"https:\/\/www2.energia.coop\/colombia\/#website"},"primaryImageOfPage":{"@id":"https:\/\/www2.energia.coop\/colombia\/terminos-y-condiciones-de-uso\/#primaryimage"},"image":{"@id":"https:\/\/www2.energia.coop\/colombia\/terminos-y-condiciones-de-uso\/#primaryimage"},"thumbnailUrl":"https:\/\/www2.energia.coop\/colombia\/wp-content\/uploads\/2020\/08\/gr_sobre.jpg","datePublished":"2024-11-07T19:06:10+00:00","dateModified":"2024-12-16T19:39:20+00:00","inLanguage":"pt-BR","potentialAction":[{"@type":"ReadAction","target":["https:\/\/www2.energia.coop\/colombia\/terminos-y-condiciones-de-uso\/"]}]},{"@type":"ImageObject","inLanguage":"pt-BR","@id":"https:\/\/www2.energia.coop\/colombia\/terminos-y-condiciones-de-uso\/#primaryimage","url":"https:\/\/www2.energia.coop\/colombia\/wp-content\/uploads\/2020\/08\/gr_sobre.jpg","contentUrl":"https:\/\/www2.energia.coop\/colombia\/wp-content\/uploads\/2020\/08\/gr_sobre.jpg","width":488,"height":683,"caption":"Desenho animado com um grupo de pessoas que est\u00e3o fora sob dois s\u00f3is e geram eletricidade a partir de usinas e\u00f3licas"},{"@type":"WebSite","@id":"https:\/\/www2.energia.coop\/colombia\/#website","url":"https:\/\/www2.energia.coop\/colombia\/","name":"Energia Cooperativa","description":"","potentialAction":[{"@type":"SearchAction","target":{"@type":"EntryPoint","urlTemplate":"https:\/\/www2.energia.coop\/colombia\/?s={search_term_string}"},"query-input":{"@type":"PropertyValueSpecification","valueRequired":true,"valueName":"search_term_string"}}],"inLanguage":"pt-BR"}]}},"post_mailing_queue_ids":[],"_links":{"self":[{"href":"https:\/\/www2.energia.coop\/colombia\/wp-json\/wp\/v2\/pages\/2278","targetHints":{"allow":["GET"]}}],"collection":[{"href":"https:\/\/www2.energia.coop\/colombia\/wp-json\/wp\/v2\/pages"}],"about":[{"href":"https:\/\/www2.energia.coop\/colombia\/wp-json\/wp\/v2\/types\/page"}],"author":[{"embeddable":true,"href":"https:\/\/www2.energia.coop\/colombia\/wp-json\/wp\/v2\/users\/3"}],"replies":[{"embeddable":true,"href":"https:\/\/www2.energia.coop\/colombia\/wp-json\/wp\/v2\/comments?post=2278"}],"version-history":[{"count":0,"href":"https:\/\/www2.energia.coop\/colombia\/wp-json\/wp\/v2\/pages\/2278\/revisions"}],"wp:featuredmedia":[{"embeddable":true,"href":"https:\/\/www2.energia.coop\/colombia\/wp-json\/wp\/v2\/media\/57"}],"wp:attachment":[{"href":"https:\/\/www2.energia.coop\/colombia\/wp-json\/wp\/v2\/media?parent=2278"}],"curies":[{"name":"wp","href":"https:\/\/api.w.org\/{rel}","templated":true}]}}