{"id":18,"date":"2020-08-23T19:22:48","date_gmt":"2020-08-23T22:22:48","guid":{"rendered":"https:\/\/www2.energia.coop\/colombia\/?page_id=18"},"modified":"2025-06-02T14:07:28","modified_gmt":"2025-06-02T17:07:28","slug":"sobre-la-plataforma","status":"publish","type":"page","link":"https:\/\/www2.energia.coop\/colombia\/sobre-la-plataforma\/","title":{"rendered":"Sobre la plataforma"},"content":{"rendered":"<h2>Acerca de esta plataforma<\/h2>\n<p>Esta plataforma fue dise\u00f1ada con el objetivo de ser un punto central de informaci\u00f3n sobre la Energ\u00eda Cooperativa en Latinoam\u00e9rica, convirti\u00e9ndose en un hub de investigaci\u00f3n y contenido de calidad y confiable sobre el tema, adem\u00e1s de tener informaci\u00f3n sobre las iniciativas actuales. La idea es dar la debida visibilidad y comprensi\u00f3n del importante papel que asumen estos proyectos operativos de generaci\u00f3n de energ\u00eda renovable en la sociedad, as\u00ed como difundir y compartir oportunidades.<\/p>\n<p>El desarrollo de esta plataforma tuvo lugar en el marco del proyecto internacional &#8220;Plataformas para el di\u00e1logo energ\u00e9tico cooperativo para fortalecer los proyectos de energ\u00eda renovable descentralizada a trav\u00e9s de la participaci\u00f3n ciudadana&#8221; llevado a cabo por la DGRV &#8211; Deutscher Genossenschafts- und Raiffeisenverband e. V. (Confederaci\u00f3n Alemana de Cooperativas) y financiado por el Ministerio alem\u00e1n de Cooperaci\u00f3n Econ\u00f3mica y Desarrollo(BMZ).<\/p>\n<p>Para el contexto colombiano la Universidad EIA con su grupo de investigaci\u00f3n EnergEIA fue protagonista en esta construcci\u00f3n.<\/p>\n<p>La DGRV es la organizaci\u00f3n paraguas de tercer nivel del sector cooperativo en Alemania y est\u00e1 constituida como una asociaci\u00f3n civil sin \u00e1nimo de lucro. Adem\u00e1s de sus funciones en Alemania, la DGRV apoya una serie de actividades de desarrollo cooperativo en todo el mundo que tienen como objetivo contribuir a la mejora del rendimiento cooperativo y fomentar el avance de las estructuras sociales y econ\u00f3micas.<\/p>\n<p>Bas\u00e1ndose en la buena experiencia con las cooperativas de energ\u00eda en Alemania (m\u00e1s de 800 en total), como forma democr\u00e1tica, sostenible y muy adecuada para proyectos de personas que pretenden participar en una transformaci\u00f3n energ\u00e9tica, la DGRV ha estado apoyando y difundiendo este tema en Am\u00e9rica Latina.<\/p>\n<p>La propuesta es que esta plataforma se construya de forma colaborativa por personas que se entusiasmen con este tema. \u00bfQuiere contribuir a la plataforma sugiriendo alg\u00fan contenido o agenda? P\u00f3ngase en contacto con nosotros por correo electr\u00f3nico<span style=\"color: #0000ff;\"> <a style=\"color: #0000ff;\" href=\"mailto:contato@energia.coop\">contato@energia.coop<\/a>.<\/span><\/p>\n","protected":false},"excerpt":{"rendered":"<p>Acerca de esta plataforma Esta plataforma fue dise\u00f1ada con el objetivo de ser un punto central de informaci\u00f3n sobre la Energ\u00eda Cooperativa en Latinoam\u00e9rica, convirti\u00e9ndose en un hub de investigaci\u00f3n y contenido de calidad y confiable sobre el tema, adem\u00e1s de tener informaci\u00f3n sobre las iniciativas actuales. La idea es dar la debida visibilidad y [&hellip;]<\/p>\n","protected":false},"author":2,"featured_media":57,"parent":0,"menu_order":11,"comment_status":"closed","ping_status":"closed","template":"page-sobre.php","meta":{"footnotes":""},"class_list":["post-18","page","type-page","status-publish","has-post-thumbnail","hentry"],"yoast_head":"<!-- This site is optimized with the Yoast SEO plugin v27.4 - https:\/\/yoast.com\/product\/yoast-seo-wordpress\/ -->\n<title>Sobre la plataforma - Energia Cooperativa<\/title>\n<meta name=\"robots\" content=\"index, follow, max-snippet:-1, max-image-preview:large, max-video-preview:-1\" \/>\n<link rel=\"canonical\" href=\"https:\/\/www2.energia.coop\/colombia\/sobre-la-plataforma\/\" \/>\n<meta property=\"og:locale\" content=\"pt_BR\" \/>\n<meta property=\"og:type\" content=\"article\" \/>\n<meta property=\"og:title\" content=\"Sobre la plataforma - Energia Cooperativa\" \/>\n<meta property=\"og:description\" content=\"Acerca de esta plataforma Esta plataforma fue dise\u00f1ada con el objetivo de ser un punto central de informaci\u00f3n sobre la Energ\u00eda Cooperativa en Latinoam\u00e9rica, convirti\u00e9ndose en un hub de investigaci\u00f3n y contenido de calidad y confiable sobre el tema, adem\u00e1s de tener informaci\u00f3n sobre las iniciativas actuales. La idea es dar la debida visibilidad y [&hellip;]\" \/>\n<meta property=\"og:url\" content=\"https:\/\/www2.energia.coop\/colombia\/sobre-la-plataforma\/\" \/>\n<meta property=\"og:site_name\" content=\"Energia Cooperativa\" \/>\n<meta property=\"article:modified_time\" content=\"2025-06-02T17:07:28+00:00\" \/>\n<meta property=\"og:image\" content=\"https:\/\/www2.energia.coop\/colombia\/wp-content\/uploads\/2020\/08\/gr_sobre.jpg\" \/>\n\t<meta property=\"og:image:width\" content=\"488\" \/>\n\t<meta property=\"og:image:height\" content=\"683\" \/>\n\t<meta property=\"og:image:type\" content=\"image\/jpeg\" \/>\n<meta name=\"twitter:card\" content=\"summary_large_image\" \/>\n<meta name=\"twitter:label1\" content=\"Est. tempo de leitura\" \/>\n\t<meta name=\"twitter:data1\" content=\"2 minutos\" \/>\n<script type=\"application\/ld+json\" class=\"yoast-schema-graph\">{\"@context\":\"https:\\\/\\\/schema.org\",\"@graph\":[{\"@type\":\"WebPage\",\"@id\":\"https:\\\/\\\/www2.energia.coop\\\/colombia\\\/sobre-la-plataforma\\\/\",\"url\":\"https:\\\/\\\/www2.energia.coop\\\/colombia\\\/sobre-la-plataforma\\\/\",\"name\":\"Sobre la plataforma - Energia Cooperativa\",\"isPartOf\":{\"@id\":\"https:\\\/\\\/www2.energia.coop\\\/colombia\\\/#website\"},\"primaryImageOfPage\":{\"@id\":\"https:\\\/\\\/www2.energia.coop\\\/colombia\\\/sobre-la-plataforma\\\/#primaryimage\"},\"image\":{\"@id\":\"https:\\\/\\\/www2.energia.coop\\\/colombia\\\/sobre-la-plataforma\\\/#primaryimage\"},\"thumbnailUrl\":\"https:\\\/\\\/www2.energia.coop\\\/colombia\\\/wp-content\\\/uploads\\\/2020\\\/08\\\/gr_sobre.jpg\",\"datePublished\":\"2020-08-23T22:22:48+00:00\",\"dateModified\":\"2025-06-02T17:07:28+00:00\",\"inLanguage\":\"pt-BR\",\"potentialAction\":[{\"@type\":\"ReadAction\",\"target\":[\"https:\\\/\\\/www2.energia.coop\\\/colombia\\\/sobre-la-plataforma\\\/\"]}]},{\"@type\":\"ImageObject\",\"inLanguage\":\"pt-BR\",\"@id\":\"https:\\\/\\\/www2.energia.coop\\\/colombia\\\/sobre-la-plataforma\\\/#primaryimage\",\"url\":\"https:\\\/\\\/www2.energia.coop\\\/colombia\\\/wp-content\\\/uploads\\\/2020\\\/08\\\/gr_sobre.jpg\",\"contentUrl\":\"https:\\\/\\\/www2.energia.coop\\\/colombia\\\/wp-content\\\/uploads\\\/2020\\\/08\\\/gr_sobre.jpg\",\"width\":488,\"height\":683,\"caption\":\"Desenho animado com um grupo de pessoas que est\u00e3o fora sob dois s\u00f3is e geram eletricidade a partir de usinas e\u00f3licas\"},{\"@type\":\"WebSite\",\"@id\":\"https:\\\/\\\/www2.energia.coop\\\/colombia\\\/#website\",\"url\":\"https:\\\/\\\/www2.energia.coop\\\/colombia\\\/\",\"name\":\"Energia Cooperativa\",\"description\":\"\",\"potentialAction\":[{\"@type\":\"SearchAction\",\"target\":{\"@type\":\"EntryPoint\",\"urlTemplate\":\"https:\\\/\\\/www2.energia.coop\\\/colombia\\\/?s={search_term_string}\"},\"query-input\":{\"@type\":\"PropertyValueSpecification\",\"valueRequired\":true,\"valueName\":\"search_term_string\"}}],\"inLanguage\":\"pt-BR\"}]}<\/script>\n<!-- \/ Yoast SEO plugin. -->","yoast_head_json":{"title":"Sobre la plataforma - Energia Cooperativa","robots":{"index":"index","follow":"follow","max-snippet":"max-snippet:-1","max-image-preview":"max-image-preview:large","max-video-preview":"max-video-preview:-1"},"canonical":"https:\/\/www2.energia.coop\/colombia\/sobre-la-plataforma\/","og_locale":"pt_BR","og_type":"article","og_title":"Sobre la plataforma - Energia Cooperativa","og_description":"Acerca de esta plataforma Esta plataforma fue dise\u00f1ada con el objetivo de ser un punto central de informaci\u00f3n sobre la Energ\u00eda Cooperativa en Latinoam\u00e9rica, convirti\u00e9ndose en un hub de investigaci\u00f3n y contenido de calidad y confiable sobre el tema, adem\u00e1s de tener informaci\u00f3n sobre las iniciativas actuales. La idea es dar la debida visibilidad y [&hellip;]","og_url":"https:\/\/www2.energia.coop\/colombia\/sobre-la-plataforma\/","og_site_name":"Energia Cooperativa","article_modified_time":"2025-06-02T17:07:28+00:00","og_image":[{"width":488,"height":683,"url":"https:\/\/www2.energia.coop\/colombia\/wp-content\/uploads\/2020\/08\/gr_sobre.jpg","type":"image\/jpeg"}],"twitter_card":"summary_large_image","twitter_misc":{"Est. tempo de leitura":"2 minutos"},"schema":{"@context":"https:\/\/schema.org","@graph":[{"@type":"WebPage","@id":"https:\/\/www2.energia.coop\/colombia\/sobre-la-plataforma\/","url":"https:\/\/www2.energia.coop\/colombia\/sobre-la-plataforma\/","name":"Sobre la plataforma - Energia Cooperativa","isPartOf":{"@id":"https:\/\/www2.energia.coop\/colombia\/#website"},"primaryImageOfPage":{"@id":"https:\/\/www2.energia.coop\/colombia\/sobre-la-plataforma\/#primaryimage"},"image":{"@id":"https:\/\/www2.energia.coop\/colombia\/sobre-la-plataforma\/#primaryimage"},"thumbnailUrl":"https:\/\/www2.energia.coop\/colombia\/wp-content\/uploads\/2020\/08\/gr_sobre.jpg","datePublished":"2020-08-23T22:22:48+00:00","dateModified":"2025-06-02T17:07:28+00:00","inLanguage":"pt-BR","potentialAction":[{"@type":"ReadAction","target":["https:\/\/www2.energia.coop\/colombia\/sobre-la-plataforma\/"]}]},{"@type":"ImageObject","inLanguage":"pt-BR","@id":"https:\/\/www2.energia.coop\/colombia\/sobre-la-plataforma\/#primaryimage","url":"https:\/\/www2.energia.coop\/colombia\/wp-content\/uploads\/2020\/08\/gr_sobre.jpg","contentUrl":"https:\/\/www2.energia.coop\/colombia\/wp-content\/uploads\/2020\/08\/gr_sobre.jpg","width":488,"height":683,"caption":"Desenho animado com um grupo de pessoas que est\u00e3o fora sob dois s\u00f3is e geram eletricidade a partir de usinas e\u00f3licas"},{"@type":"WebSite","@id":"https:\/\/www2.energia.coop\/colombia\/#website","url":"https:\/\/www2.energia.coop\/colombia\/","name":"Energia Cooperativa","description":"","potentialAction":[{"@type":"SearchAction","target":{"@type":"EntryPoint","urlTemplate":"https:\/\/www2.energia.coop\/colombia\/?s={search_term_string}"},"query-input":{"@type":"PropertyValueSpecification","valueRequired":true,"valueName":"search_term_string"}}],"inLanguage":"pt-BR"}]}},"post_mailing_queue_ids":[],"_links":{"self":[{"href":"https:\/\/www2.energia.coop\/colombia\/wp-json\/wp\/v2\/pages\/18","targetHints":{"allow":["GET"]}}],"collection":[{"href":"https:\/\/www2.energia.coop\/colombia\/wp-json\/wp\/v2\/pages"}],"about":[{"href":"https:\/\/www2.energia.coop\/colombia\/wp-json\/wp\/v2\/types\/page"}],"author":[{"embeddable":true,"href":"https:\/\/www2.energia.coop\/colombia\/wp-json\/wp\/v2\/users\/2"}],"replies":[{"embeddable":true,"href":"https:\/\/www2.energia.coop\/colombia\/wp-json\/wp\/v2\/comments?post=18"}],"version-history":[{"count":0,"href":"https:\/\/www2.energia.coop\/colombia\/wp-json\/wp\/v2\/pages\/18\/revisions"}],"wp:featuredmedia":[{"embeddable":true,"href":"https:\/\/www2.energia.coop\/colombia\/wp-json\/wp\/v2\/media\/57"}],"wp:attachment":[{"href":"https:\/\/www2.energia.coop\/colombia\/wp-json\/wp\/v2\/media?parent=18"}],"curies":[{"name":"wp","href":"https:\/\/api.w.org\/{rel}","templated":true}]}}