{"id":16,"date":"2020-08-23T16:02:39","date_gmt":"2020-08-23T19:02:39","guid":{"rendered":"https:\/\/www2.energia.coop\/colombia\/?page_id=16"},"modified":"2023-04-20T14:46:52","modified_gmt":"2023-04-20T17:46:52","slug":"energia-cooperativa","status":"publish","type":"page","link":"https:\/\/www2.energia.coop\/colombia\/energia-cooperativa\/","title":{"rendered":"Energ\u00eda Cooperativa"},"content":{"rendered":"<h1><a id=\"oquee\" name=\"oquee\"><\/a> \u00bfQu\u00e9 es la energ\u00eda cooperativa?<\/h1>\n<p>Cooperativa de Energ\u00eda se refiere a iniciativas comunitarias y\/o cooperativas en las que las personas se unen para establecer colectivamente proyectos de energ\u00eda renovable. Por tanto, son acciones motivadas por grupos de personas que cooperan entre s\u00ed con un objetivo com\u00fan: mitigar el cambio clim\u00e1tico a trav\u00e9s de la participaci\u00f3n activa y el protagonismo de las personas en el proceso de transici\u00f3n energ\u00e9tica justa, democr\u00e1tica e inclusiva.<\/p>\n<p>La energ\u00eda generada a partir de fuentes renovables u otros servicios y productos energ\u00e9ticos, como medidas de eficiencia energ\u00e9tica, movilidad urbana, calefacci\u00f3n, entre otros ofrecidos por iniciativas comunitarias y cooperativas son una alternativa para potenciar el desarrollo local, atendiendo las particularidades y vocaciones de las comunidades y los territorios.<\/p>\n<p>Las iniciativas en que los ciudadanos son los protagonistas en la generaci\u00f3n de energ\u00eda renovable est\u00e1n cada vez m\u00e1s presentes en el contexto de pa\u00edses como Estados Unidos, Australia, Alemania, Dinamarca, Reino Unido y B\u00e9lgica. Estas iniciativas han jugado un papel importante en la transici\u00f3n energ\u00e9tica de estos pa\u00edses. En Alemania, por ejemplo, aproximadamente el 50% de la generaci\u00f3n de energ\u00eda renovable es propiedad de las personas, generando independencia, participaci\u00f3n, desarrollo y democratizaci\u00f3n energ\u00e9tica.<\/p>\n<p>En el contexto Colombiano, es m\u00e1s frecuente encontrar los t\u00e9rminos energ\u00eda comunitaria y, principalmente:<\/p>\n<p>&nbsp;<\/p>\n<p><a href=\"https:\/\/www2.energia.coop\/colombia\/cooperativas\/\"><img loading=\"lazy\" decoding=\"async\" class=\"aligncenter wp-image-2080 size-large\" src=\"https:\/\/www2.energia.coop\/colombia\/wp-content\/uploads\/2023\/01\/Comunidad-Energetica-2-1-1024x576.jpg\" alt=\"\" width=\"770\" height=\"433\" srcset=\"https:\/\/www2.energia.coop\/colombia\/wp-content\/uploads\/2023\/01\/Comunidad-Energetica-2-1-1024x576.jpg 1024w, https:\/\/www2.energia.coop\/colombia\/wp-content\/uploads\/2023\/01\/Comunidad-Energetica-2-1-300x169.jpg 300w, https:\/\/www2.energia.coop\/colombia\/wp-content\/uploads\/2023\/01\/Comunidad-Energetica-2-1-768x432.jpg 768w, https:\/\/www2.energia.coop\/colombia\/wp-content\/uploads\/2023\/01\/Comunidad-Energetica-2-1-1536x864.jpg 1536w, https:\/\/www2.energia.coop\/colombia\/wp-content\/uploads\/2023\/01\/Comunidad-Energetica-2-1.jpg 1920w\" sizes=\"auto, (max-width: 770px) 100vw, 770px\" \/><\/a><\/p>\n<p>&nbsp;<\/p>\n<h2>Principales caracter\u00edsticas de un proyecto de Energ\u00eda Cooperativa:<\/h2>\n<ul class=\"icones\">\n<li><img loading=\"lazy\" decoding=\"async\" class=\"alignnone\" src=\"https:\/\/www2.energia.coop\/brasil\/wp-content\/themes\/energia\/_global\/img\/ic\/ic_mot_bl_1.png\" alt=\"\u00cdcone de duas pessoas interconectados por duas setas, assim criando um circulo\" width=\"39\" height=\"43\" \/><strong>Participaci\u00f3n:<\/strong> las personas participan de forma activa y autodeterminada a trav\u00e9s de una organizaci\u00f3n democr\u00e1tica, poniendo en com\u00fan recursos financieros y conocimientos individuales para estructurar y desarrollar un proyecto de energ\u00eda renovable.<\/li>\n<li><img loading=\"lazy\" decoding=\"async\" class=\"alignnone\" src=\"https:\/\/www2.energia.coop\/brasil\/wp-content\/themes\/energia\/_global\/img\/ic\/ic_mot_bl_3.png\" alt=\"\u00cdcone de uma plantinha\" width=\"39\" height=\"43\" \/><strong>Beneficios econ\u00f3micos,<\/strong> sociales y medioambientales: estos aspectos se trabajan conjuntamente para lograr el desarrollo sostenible de su comunidad.<\/li>\n<li><img loading=\"lazy\" decoding=\"async\" class=\"alignnone\" src=\"https:\/\/www2.energia.coop\/brasil\/wp-content\/themes\/energia\/_global\/img\/ic\/ic_mot_bl_4.png\" alt=\"\u00cdcone de uma casa ao lado um sistema solar\" width=\"39\" height=\"43\" \/><strong>Descentralizaci\u00f3n:<\/strong> la energ\u00eda se produce cerca del lugar de consumo, acercando a las personas e incluy\u00e9ndolas en el proceso de transici\u00f3n energ\u00e9tica. Se logran tambi\u00e9n beneficios para el sistema, como la disminuci\u00f3n de la congesti\u00f3n en la red.<\/li>\n<li><img loading=\"lazy\" decoding=\"async\" class=\"alignnone\" src=\"https:\/\/www2.energia.coop\/brasil\/wp-content\/themes\/energia\/_global\/img\/ic\/ic_mot_bl_5.png\" alt=\"\u00cdcone de uma flor\" width=\"39\" height=\"43\" \/><strong>Conciencia medioambiental colectiva:<\/strong> en los proyectos de energ\u00eda cooperativa las personas buscan convertirse en agentes de cambio de forma colectiva, convirti\u00e9ndose en protagonistas de la transici\u00f3n energ\u00e9tica y, en consecuencia, acaban sensibiliz\u00e1ndose del cuidado y la atenci\u00f3n al medio ambiente de forma colectiva.<\/li>\n<\/ul>\n<p>&nbsp;<\/p>\n<h1><a id=\"motivos\" name=\"motivos\"><\/a>Razones para participar<\/h1>\n<p>La transici\u00f3n y la democratizaci\u00f3n energ\u00e9ticas no s\u00f3lo se producir\u00e1n mediante el avance de la tecnolog\u00eda, sino tambi\u00e9n mediante <strong>cambios en el comportamiento de la sociedad<\/strong>. La energ\u00eda cooperativa es una forma de participar en este proceso a trav\u00e9s de proyectos descentralizados y distribuidos, que llevan a las personas al centro de los cambios de paradigma. Con la energ\u00eda cooperativa, <strong>las personas dejan de ser consumidores pasivos de energ\u00eda y se convierten en agentes del cambio hacia la transici\u00f3n y la diversificaci\u00f3n energ\u00e9tica.<\/strong><\/p>\n<p>La mitigaci\u00f3n del cambio clim\u00e1tico, los beneficios econ\u00f3micos, la inversi\u00f3n local, la democratizaci\u00f3n, la <strong>transparencia<\/strong>, la previsibilidad de los costos de la energ\u00eda y el empoderamiento son algunas de las razones para que te involucres en un proyecto de este tipo.<\/p>\n<p>&nbsp;<\/p>\n<div class=\"icones\">\n<div class=\"row\">\n<div class=\"col-lg-6 col-md-6 col-sm-12 col-xs-12\">\n<div class=\"row\">\n<div class=\"col-lg-12 col-md-12 col-sm-12 col-xs-12\">\n<div class=\"txt\">\n<p><img loading=\"lazy\" decoding=\"async\" class=\"alignnone\" src=\"https:\/\/www2.energia.coop\/brasil\/wp-content\/themes\/energia\/_global\/img\/ic\/icone_mudanca_climatica.png\" alt=\"\u00cdcone da terra e um term\u00f4metro dentro de um bulbo\" width=\"344\" height=\"497\" \/><\/p>\n<h3>El cambio clim\u00e1tico:<\/h3>\n<p>Seg\u00fan el Grupo Intergubernamental de Expertos sobre el Cambio Clim\u00e1tico (IPCC), el sector energ\u00e9tico es responsable de la emisi\u00f3n de dos tercios de los gases que provocan el efecto invernadero. En este sentido, una de las formas m\u00e1s significativas de defender nuestro planeta y mitigar los efectos del cambio clim\u00e1tico es a trav\u00e9s de la transformaci\u00f3n del sistema energ\u00e9tico mediante la adopci\u00f3n de sistemas de energ\u00edas renovables y medidas de eficiencia energ\u00e9tica.<\/p>\n<\/div>\n<\/div>\n<\/div>\n<div class=\"row\">\n<div class=\"col-lg-12 col-md-12 col-sm-12 col-xs-12\">\n<div class=\"txt\">\n<p><img loading=\"lazy\" decoding=\"async\" class=\"alignnone\" src=\"https:\/\/www2.energia.coop\/brasil\/wp-content\/themes\/energia\/_global\/img\/ic\/icone_beneficios_economicos.png\" alt=\"\u00cdcone de um saco de dinheiro dentro de um bulbo\" width=\"344\" height=\"497\" \/><\/p>\n<h3>Beneficio econ\u00f3mico:<\/h3>\n<p>Los proyectos energ\u00e9ticos cooperativos consiguen reducir los costos de desarrollo y operaci\u00f3n, ya que logran econom\u00edas de escala al tratarse de proyectos de mayor envergadura.<\/p>\n<\/div>\n<\/div>\n<\/div>\n<div class=\"row\">\n<div class=\"col-lg-12 col-md-12 col-sm-12 col-xs-12\">\n<div class=\"txt\">\n<p><img loading=\"lazy\" decoding=\"async\" class=\"alignnone\" src=\"https:\/\/www2.energia.coop\/brasil\/wp-content\/themes\/energia\/_global\/img\/ic\/icone_investimento_local.png\" alt=\"\u00cdcone de um pino de localiza\u00e7\u00e3o e uma moeda dentro de um bulbo\" width=\"344\" height=\"497\" \/><\/p>\n<h3>Inversi\u00f3n local:<\/h3>\n<p>Las iniciativas de energ\u00eda cooperativa tienen un impacto comunitario a nivel local, dado que generan puestos de trabajo y mueven la econom\u00eda de la comunidad.<\/p>\n<\/div>\n<\/div>\n<\/div>\n<\/div>\n<div class=\"col-lg-6 col-md-6 col-sm-12 col-xs-12\">\n<div class=\"row\">\n<div class=\"col-lg-12 col-md-12 col-sm-12 col-xs-12\">\n<div class=\"txt\">\n<p><img loading=\"lazy\" decoding=\"async\" class=\"alignnone\" src=\"https:\/\/www2.energia.coop\/brasil\/wp-content\/themes\/energia\/_global\/img\/ic\/icone_democratizacao.png\" alt=\"\u00cdcone de uma pessoa ao lado um sistema solar dentro de um bulbo\" width=\"344\" height=\"497\" \/><\/p>\n<h3>Democratizaci\u00f3n:<\/h3>\n<p>Facilita el acceso a la generaci\u00f3n local de energ\u00eda renovable a las personas que, por alguna raz\u00f3n, no pueden adquirir sus propios generadores de energ\u00eda.<\/p>\n<\/div>\n<\/div>\n<\/div>\n<div class=\"row\">\n<div class=\"col-lg-12 col-md-12 col-sm-12 col-xs-12\">\n<div class=\"txt\">\n<p><img loading=\"lazy\" decoding=\"async\" class=\"alignnone\" src=\"https:\/\/www2.energia.coop\/brasil\/wp-content\/themes\/energia\/_global\/img\/ic\/icone_transparecia.png\" alt=\"\u00cdcone de uma casa ao lado de uma sistema solar dentro de um bulbo\" width=\"344\" height=\"497\" \/><\/p>\n<h3>Transparencia:<\/h3>\n<p>La generaci\u00f3n descentralizada de energ\u00eda hace que la poblaci\u00f3n conozca mejor la fuente de su energ\u00eda y, por lo tanto, facilita su participaci\u00f3n en la producci\u00f3n. Adem\u00e1s, el contacto directo con las energ\u00edas renovables aumenta su aceptaci\u00f3n.<\/p>\n<\/div>\n<\/div>\n<\/div>\n<div class=\"row\">\n<div class=\"col-lg-12 col-md-12 col-sm-12 col-xs-12\">\n<div class=\"txt\">\n<p><img loading=\"lazy\" decoding=\"async\" class=\"alignnone\" src=\"https:\/\/www2.energia.coop\/brasil\/wp-content\/themes\/energia\/_global\/img\/ic\/icone_premisibilidade_nos_custos.png\" alt=\"\u00cdcone de uma moeda e um raio dentro de um bulbo\" width=\"344\" height=\"497\" \/><\/p>\n<h3>Previsibilidad de los costos energ\u00e9ticos:<\/h3>\n<p>Reducci\u00f3n de los costos energ\u00e9ticos existentes y previsibilidad de los costos energ\u00e9ticos futuros.<\/p>\n<\/div>\n<\/div>\n<div class=\"col-lg-12 col-md-12 col-sm-12 col-xs-12\">\n<div class=\"txt\">\n<p><img loading=\"lazy\" decoding=\"async\" class=\"alignnone\" src=\"https:\/\/www2.energia.coop\/brasil\/wp-content\/themes\/energia\/_global\/img\/ic\/icone_empoderamento.png\" alt=\"\u00cdcone de um punho levantado dentro de um bulbo\" width=\"344\" height=\"497\" \/><\/p>\n<h3>Empoderamiento:<\/h3>\n<p>Para mucha gente, el cambio clim\u00e1tico es una amenaza abstracta. La energ\u00eda comunitaria tiene el potencial de cambiar esta percepci\u00f3n porque permite que las personas participen de forma activa e independiente en la transici\u00f3n energ\u00e9tica. En el colectivo, el individuo est\u00e1 facultado para decidir la fuente de su energ\u00eda generada y consumida.<\/p>\n<\/div>\n<\/div>\n<\/div>\n<\/div>\n<\/div>\n<\/div>\n<h2>Las cooperativas de energ\u00eda representan una oportunidad para democratizar la energ\u00eda.<\/h2>\n<h4><strong>Para ser parte de la energ\u00eda cooperativa \u00bfDebo tener la figura jur\u00eddica cooperativa?<\/strong><\/h4>\n<p>La respuesta corta es no. La energ\u00eda cooperativa es un concepto m\u00e1s amplio y no se reduce a una figura jur\u00eddica. El modelo cooperativo tiene ventajas importantes para la gobernanza de los sistemas energ\u00e9ticos y la distribuci\u00f3n equitativa de los beneficios, pero no es la \u00fanica posibilidad de generar energ\u00eda de manera colectiva, la sola uni\u00f3n entre varias personas para cumplir una necesidad o aspiraci\u00f3n en torno a la energ\u00eda y con energ\u00edas m\u00e1s limpias, ya es energ\u00eda cooperativa.<\/p>\n<p>Tambi\u00e9n las comunidades, tejidos, asociaciones de comuneras y comuneros, as\u00ed como los municipios, pueden tener sus iniciativas y proyectos de energ\u00eda cooperativa.<\/p>\n<p>&nbsp;<\/p>\n<h1><a id=\"como\" name=\"como\"><\/a> C\u00f3mo participar<\/h1>\n<p>Las iniciativas de energ\u00eda cooperativa pueden desarrollarse tanto en zonas remotas, sin acceso a la red, como en grandes centros urbanos o zonas rurales donde s\u00ed hay acceso a la red. Por lo tanto, en t\u00e9rminos generales, podemos clasificar los proyectos de energ\u00eda comunitaria en proyectos que no est\u00e1n conectados a la red (denominados off-grid) y los que est\u00e1n conectados a la red (tambi\u00e9n conocidos como on-grid).<\/p>\n<p><center><br \/>\n<img loading=\"lazy\" decoding=\"async\" class=\"size-full wp-image-2062 aligncenter\" src=\"https:\/\/www2.energia.coop\/colombia\/wp-content\/uploads\/2023\/01\/info_como_se_envolver-1536x351_2-1.png\" alt=\"\" width=\"768\" height=\"245\" srcset=\"https:\/\/www2.energia.coop\/colombia\/wp-content\/uploads\/2023\/01\/info_como_se_envolver-1536x351_2-1.png 768w, https:\/\/www2.energia.coop\/colombia\/wp-content\/uploads\/2023\/01\/info_como_se_envolver-1536x351_2-1-300x96.png 300w\" sizes=\"auto, (max-width: 768px) 100vw, 768px\" \/><\/center>\u00bfVives en Colombia? \u00bfHas hecho parte de una iniciativa comunitaria relacionada con la energ\u00eda o te interesar\u00eda hacer parte de una? \u00a1Cont\u00e1ctanos y cu\u00e9ntanos m\u00e1s sobre tu experiencia, intereses o preguntas!<\/p>\n<p style=\"text-align: center;\"><span style=\"text-decoration: underline; color: #008080;\"><span><strong><a style=\"color: #008080; text-decoration: underline;\" href=\"mailto:contato@energia.coop\">Escr\u00edbenos: contato@energia.coop<\/a><\/strong><a id=\"condominios\" style=\"color: #008080; text-decoration: underline;\" name=\"condominios\"><\/a><\/span><\/span><\/p>\n","protected":false},"excerpt":{"rendered":"<p>\u00bfQu\u00e9 es la energ\u00eda cooperativa? Cooperativa de Energ\u00eda se refiere a iniciativas comunitarias y\/o cooperativas en las que las personas se unen para establecer colectivamente proyectos de energ\u00eda renovable. Por tanto, son acciones motivadas por grupos de personas que cooperan entre s\u00ed con un objetivo com\u00fan: mitigar el cambio clim\u00e1tico a trav\u00e9s de la participaci\u00f3n [&hellip;]<\/p>\n","protected":false},"author":2,"featured_media":0,"parent":0,"menu_order":6,"comment_status":"closed","ping_status":"closed","template":"","meta":{"footnotes":""},"class_list":["post-16","page","type-page","status-publish","hentry"],"yoast_head":"<!-- This site is optimized with the Yoast SEO plugin v27.4 - https:\/\/yoast.com\/product\/yoast-seo-wordpress\/ -->\n<title>Energ\u00eda Cooperativa - Energia Cooperativa<\/title>\n<meta name=\"robots\" content=\"index, follow, max-snippet:-1, max-image-preview:large, max-video-preview:-1\" \/>\n<link rel=\"canonical\" href=\"https:\/\/www2.energia.coop\/colombia\/energia-cooperativa\/\" \/>\n<meta property=\"og:locale\" content=\"pt_BR\" \/>\n<meta property=\"og:type\" content=\"article\" \/>\n<meta property=\"og:title\" content=\"Energ\u00eda Cooperativa - Energia Cooperativa\" \/>\n<meta property=\"og:description\" content=\"\u00bfQu\u00e9 es la energ\u00eda cooperativa? Cooperativa de Energ\u00eda se refiere a iniciativas comunitarias y\/o cooperativas en las que las personas se unen para establecer colectivamente proyectos de energ\u00eda renovable. Por tanto, son acciones motivadas por grupos de personas que cooperan entre s\u00ed con un objetivo com\u00fan: mitigar el cambio clim\u00e1tico a trav\u00e9s de la participaci\u00f3n [&hellip;]\" \/>\n<meta property=\"og:url\" content=\"https:\/\/www2.energia.coop\/colombia\/energia-cooperativa\/\" \/>\n<meta property=\"og:site_name\" content=\"Energia Cooperativa\" \/>\n<meta property=\"article:modified_time\" content=\"2023-04-20T17:46:52+00:00\" \/>\n<meta property=\"og:image\" content=\"https:\/\/www2.energia.coop\/colombia\/wp-content\/uploads\/2023\/01\/Comunidad-Energetica-2-1-1024x576.jpg\" \/>\n<meta name=\"twitter:card\" content=\"summary_large_image\" \/>\n<meta name=\"twitter:label1\" content=\"Est. tempo de leitura\" \/>\n\t<meta name=\"twitter:data1\" content=\"8 minutos\" \/>\n<script type=\"application\/ld+json\" class=\"yoast-schema-graph\">{\"@context\":\"https:\\\/\\\/schema.org\",\"@graph\":[{\"@type\":\"WebPage\",\"@id\":\"https:\\\/\\\/www2.energia.coop\\\/colombia\\\/energia-cooperativa\\\/\",\"url\":\"https:\\\/\\\/www2.energia.coop\\\/colombia\\\/energia-cooperativa\\\/\",\"name\":\"Energ\u00eda Cooperativa - Energia Cooperativa\",\"isPartOf\":{\"@id\":\"https:\\\/\\\/www2.energia.coop\\\/colombia\\\/#website\"},\"primaryImageOfPage\":{\"@id\":\"https:\\\/\\\/www2.energia.coop\\\/colombia\\\/energia-cooperativa\\\/#primaryimage\"},\"image\":{\"@id\":\"https:\\\/\\\/www2.energia.coop\\\/colombia\\\/energia-cooperativa\\\/#primaryimage\"},\"thumbnailUrl\":\"https:\\\/\\\/www2.energia.coop\\\/colombia\\\/wp-content\\\/uploads\\\/2023\\\/01\\\/Comunidad-Energetica-2-1-1024x576.jpg\",\"datePublished\":\"2020-08-23T19:02:39+00:00\",\"dateModified\":\"2023-04-20T17:46:52+00:00\",\"inLanguage\":\"pt-BR\",\"potentialAction\":[{\"@type\":\"ReadAction\",\"target\":[\"https:\\\/\\\/www2.energia.coop\\\/colombia\\\/energia-cooperativa\\\/\"]}]},{\"@type\":\"ImageObject\",\"inLanguage\":\"pt-BR\",\"@id\":\"https:\\\/\\\/www2.energia.coop\\\/colombia\\\/energia-cooperativa\\\/#primaryimage\",\"url\":\"https:\\\/\\\/www2.energia.coop\\\/colombia\\\/wp-content\\\/uploads\\\/2023\\\/01\\\/Comunidad-Energetica-2-1.jpg\",\"contentUrl\":\"https:\\\/\\\/www2.energia.coop\\\/colombia\\\/wp-content\\\/uploads\\\/2023\\\/01\\\/Comunidad-Energetica-2-1.jpg\",\"width\":1920,\"height\":1080},{\"@type\":\"WebSite\",\"@id\":\"https:\\\/\\\/www2.energia.coop\\\/colombia\\\/#website\",\"url\":\"https:\\\/\\\/www2.energia.coop\\\/colombia\\\/\",\"name\":\"Energia Cooperativa\",\"description\":\"\",\"potentialAction\":[{\"@type\":\"SearchAction\",\"target\":{\"@type\":\"EntryPoint\",\"urlTemplate\":\"https:\\\/\\\/www2.energia.coop\\\/colombia\\\/?s={search_term_string}\"},\"query-input\":{\"@type\":\"PropertyValueSpecification\",\"valueRequired\":true,\"valueName\":\"search_term_string\"}}],\"inLanguage\":\"pt-BR\"}]}<\/script>\n<!-- \/ Yoast SEO plugin. -->","yoast_head_json":{"title":"Energ\u00eda Cooperativa - Energia Cooperativa","robots":{"index":"index","follow":"follow","max-snippet":"max-snippet:-1","max-image-preview":"max-image-preview:large","max-video-preview":"max-video-preview:-1"},"canonical":"https:\/\/www2.energia.coop\/colombia\/energia-cooperativa\/","og_locale":"pt_BR","og_type":"article","og_title":"Energ\u00eda Cooperativa - Energia Cooperativa","og_description":"\u00bfQu\u00e9 es la energ\u00eda cooperativa? Cooperativa de Energ\u00eda se refiere a iniciativas comunitarias y\/o cooperativas en las que las personas se unen para establecer colectivamente proyectos de energ\u00eda renovable. Por tanto, son acciones motivadas por grupos de personas que cooperan entre s\u00ed con un objetivo com\u00fan: mitigar el cambio clim\u00e1tico a trav\u00e9s de la participaci\u00f3n [&hellip;]","og_url":"https:\/\/www2.energia.coop\/colombia\/energia-cooperativa\/","og_site_name":"Energia Cooperativa","article_modified_time":"2023-04-20T17:46:52+00:00","og_image":[{"url":"https:\/\/www2.energia.coop\/colombia\/wp-content\/uploads\/2023\/01\/Comunidad-Energetica-2-1-1024x576.jpg","type":"","width":"","height":""}],"twitter_card":"summary_large_image","twitter_misc":{"Est. tempo de leitura":"8 minutos"},"schema":{"@context":"https:\/\/schema.org","@graph":[{"@type":"WebPage","@id":"https:\/\/www2.energia.coop\/colombia\/energia-cooperativa\/","url":"https:\/\/www2.energia.coop\/colombia\/energia-cooperativa\/","name":"Energ\u00eda Cooperativa - Energia Cooperativa","isPartOf":{"@id":"https:\/\/www2.energia.coop\/colombia\/#website"},"primaryImageOfPage":{"@id":"https:\/\/www2.energia.coop\/colombia\/energia-cooperativa\/#primaryimage"},"image":{"@id":"https:\/\/www2.energia.coop\/colombia\/energia-cooperativa\/#primaryimage"},"thumbnailUrl":"https:\/\/www2.energia.coop\/colombia\/wp-content\/uploads\/2023\/01\/Comunidad-Energetica-2-1-1024x576.jpg","datePublished":"2020-08-23T19:02:39+00:00","dateModified":"2023-04-20T17:46:52+00:00","inLanguage":"pt-BR","potentialAction":[{"@type":"ReadAction","target":["https:\/\/www2.energia.coop\/colombia\/energia-cooperativa\/"]}]},{"@type":"ImageObject","inLanguage":"pt-BR","@id":"https:\/\/www2.energia.coop\/colombia\/energia-cooperativa\/#primaryimage","url":"https:\/\/www2.energia.coop\/colombia\/wp-content\/uploads\/2023\/01\/Comunidad-Energetica-2-1.jpg","contentUrl":"https:\/\/www2.energia.coop\/colombia\/wp-content\/uploads\/2023\/01\/Comunidad-Energetica-2-1.jpg","width":1920,"height":1080},{"@type":"WebSite","@id":"https:\/\/www2.energia.coop\/colombia\/#website","url":"https:\/\/www2.energia.coop\/colombia\/","name":"Energia Cooperativa","description":"","potentialAction":[{"@type":"SearchAction","target":{"@type":"EntryPoint","urlTemplate":"https:\/\/www2.energia.coop\/colombia\/?s={search_term_string}"},"query-input":{"@type":"PropertyValueSpecification","valueRequired":true,"valueName":"search_term_string"}}],"inLanguage":"pt-BR"}]}},"post_mailing_queue_ids":[],"_links":{"self":[{"href":"https:\/\/www2.energia.coop\/colombia\/wp-json\/wp\/v2\/pages\/16","targetHints":{"allow":["GET"]}}],"collection":[{"href":"https:\/\/www2.energia.coop\/colombia\/wp-json\/wp\/v2\/pages"}],"about":[{"href":"https:\/\/www2.energia.coop\/colombia\/wp-json\/wp\/v2\/types\/page"}],"author":[{"embeddable":true,"href":"https:\/\/www2.energia.coop\/colombia\/wp-json\/wp\/v2\/users\/2"}],"replies":[{"embeddable":true,"href":"https:\/\/www2.energia.coop\/colombia\/wp-json\/wp\/v2\/comments?post=16"}],"version-history":[{"count":0,"href":"https:\/\/www2.energia.coop\/colombia\/wp-json\/wp\/v2\/pages\/16\/revisions"}],"wp:attachment":[{"href":"https:\/\/www2.energia.coop\/colombia\/wp-json\/wp\/v2\/media?parent=16"}],"curies":[{"name":"wp","href":"https:\/\/api.w.org\/{rel}","templated":true}]}}