{"id":18,"date":"2020-08-23T19:22:48","date_gmt":"2020-08-23T22:22:48","guid":{"rendered":"https:\/\/www2.energia.coop\/chile\/?page_id=18"},"modified":"2024-10-04T13:14:07","modified_gmt":"2024-10-04T16:14:07","slug":"sobre-a-plataforma","status":"publish","type":"page","link":"https:\/\/www2.energia.coop\/chile\/sobre-a-plataforma\/","title":{"rendered":"Sobre a plataforma"},"content":{"rendered":"<h2>Acerca de esta plataforma<\/h2>\n<p>Energ\u00eda Cooperativa es un proyecto piloto de apoyo a la asociaci\u00f3n comunitaria, a trav\u00e9s de cooperativas, para la generaci\u00f3n distribuida de energ\u00eda sostenible. Buscamos capacitar, apoyar, ejecutar y promover la producci\u00f3n de energ\u00edas renovables con participaci\u00f3n ciudadana en Chile. Este proyecto est\u00e1 en el marco de acci\u00f3n de la Cooperaci\u00f3n Alemana y es implementado por la Confederaci\u00f3n Alemana de Cooperativas, DGRV, en conjunto con la Cooperativa de Trabajo Red Genera.<\/p>\n<p>Nuestra orientaci\u00f3n es fomentar el desarrollo de cooperativas de energ\u00eda en organizaciones sociales territoriales tales como comit\u00e9s de vivienda, juntas de vecinos, cooperativas y otras asociaciones campesinas, cooperativas de agua potable rural, ecobarrios y comunidades ecol\u00f3gicas, agrupaciones de aguas, asociaciones de micro y peque\u00f1a empresa, escuelas y recintos comunitarios o p\u00fablicos, entre otras opciones. Buscamos potenciar la asociatividad entre distintos actores en el proceso de conformaci\u00f3n y fortalecimiento de las comunidades, la formaci\u00f3n de l\u00edderes y lideresas sociales, el apoyo al desarrollo de capacidades t\u00e9cnicas, de manejo econ\u00f3mico y b\u00fasqueda de financiamiento y gesti\u00f3n de espacios, conciencia ambiental y creaci\u00f3n de confianzas.<\/p>\n<div class=\"elementor-element elementor-element-79a734d elementor-widget elementor-widget-text-editor\" data-id=\"79a734d\" data-element_type=\"widget\" data-widget_type=\"text-editor.default\">\n<div class=\"elementor-widget-container\">\n<p>Para la implementaci\u00f3n de este proyecto hemos articulado diversas alianzas sociales, log\u00edsticas y t\u00e9cnicas buscando contar con un arco amplio de capacidades, experiencia, conocimientos e infraestructura que permitan llevar a buen t\u00e9rmino la iniciativa. En este sentido contamos con el apoyo de la Asociaci\u00f3n de Municipios Libres, AML, para el desarrollo y logistica de las capacitaciones, as\u00ed como tambi\u00e9n para el acceso de las redes sociales de estos municipios. En el plano del dise\u00f1o e implementaci\u00f3n pedag\u00f3gica nuestros aliados clave son la DGRV y la Red Genera.<\/p>\n<\/div>\n<\/div>\n<div class=\"elementor-element elementor-element-4e2b4b8 elementor-widget elementor-widget-text-editor\" data-id=\"4e2b4b8\" data-element_type=\"widget\" data-widget_type=\"text-editor.default\">\n<div class=\"elementor-widget-container\">\n<p><strong>La DGRV<\/strong>\u00a0\u2013 Confederaci\u00f3n Alemana de Cooperativas es la organizaci\u00f3n c\u00fapula auditora de alto nivel del sector cooperativo en Alemania.<\/p>\n<p>Desde hace m\u00e1s de 40 a\u00f1os, la\u00a0<strong>DGRV<\/strong>\u00a0se dedica a la cooperaci\u00f3n internacional para el desarrollo. En m\u00e1s de 30 pa\u00edses socios, la\u00a0<strong>DGRV<\/strong>\u00a0brinda consultor\u00edas y ayuda a desarrollar sistemas y estructuras cooperativas con el objetivo de un desarrollo sostenible del sector cooperativo.<\/p>\n<p>Las cooperativas son un tipo de organizaci\u00f3n con una personer\u00eda jur\u00eddica probada para cooperaciones de tipo diverso, de beneficio tanto para el socio individual como para la comunidad en general.<\/p>\n<p>Las cooperativas y sus socios defienden valores \u00e9ticos como la honestidad, sinceridad, responsabilidad social, solidaridad mutua. Los principios de Raiffeisen son la autoayuda, autogesti\u00f3n y autorresponsabilidad, considerados de importancia central.<\/p>\n<\/div>\n<\/div>\n<div class=\"elementor-element elementor-element-b1e7495 elementor-widget elementor-widget-text-editor\" data-id=\"b1e7495\" data-element_type=\"widget\" data-widget_type=\"text-editor.default\">\n<div class=\"elementor-widget-container\">\n<p><strong>Red Genera<\/strong><\/p>\n<div class=\"et_pb_row et_pb_row_3\">\n<div class=\"et_pb_column et_pb_column_4_4 et_pb_column_6 et_pb_css_mix_blend_mode_passthrough et-last-child\">\n<div class=\"et_pb_module et_pb_text et_pb_text_8 et_pb_text_align_left et_pb_bg_layout_light\">\n<div class=\"et_pb_text_inner\">\n<div class=\"fusion-text fusion-text-5\">\n<p>Es una cooperativa de trabajo dedicada a entregar soluciones integrales de ingenier\u00eda y montaje que incorporan el uso de energ\u00eda solar, gesti\u00f3n eficiente de la energ\u00eda y la educaci\u00f3n energ\u00e9tica.<\/p>\n<p>Su compromiso es ser una herramienta para solucionar las necesidades energ\u00e9ticas de la sociedad desde un nuevo paradigma de sustentabilidad que apunte a la soberan\u00eda energ\u00e9tica.<\/p>\n<p>Generan soluciones integrales y participativas, a nivel industrial, comunitario o particular, acompa\u00f1ando a nuestros clientes y beneficiarios en todo el proceso para encontrar juntos soluciones reales a sus necesidades energ\u00e9ticas.<\/p>\n<p>Se conforman en una planta de ingenieros de la Universidad de Chile cuenta con a\u00f1os de experiencia que permiten el desarrollo y entrega de proyectos acabados de m\u00e1xima calidad. Adem\u00e1s, como cooperativa su relaci\u00f3n es de colaboraci\u00f3n y confianza con los clientes y usuarios, en este proceso cada socio-trabajador se ocupa de brindar un servicio de excelencia, siendo esta filosof\u00eda el motor de la organizaci\u00f3n.<\/p>\n<\/div>\n<\/div>\n<\/div>\n<\/div>\n<\/div>\n<\/div>\n<\/div>\n<div class=\"elementor-element elementor-element-6f9d8d0 elementor-widget elementor-widget-text-editor\" data-id=\"6f9d8d0\" data-element_type=\"widget\" data-widget_type=\"text-editor.default\">\n<div class=\"elementor-widget-container\">\n<p><strong>La AML<\/strong> \u2013 Asociaci\u00f3n de Municipios libres<\/p>\n<p>Es una organizaci\u00f3n que busca fomentar el desarrollo energ\u00e9tico desde los gobiernos locales, contribuyendo a descentralizar la matriz energ\u00e9tica, reducir los niveles de pobreza energ\u00e9tica, fomentar el uso de energ\u00edas renovables y disminuir los costos asociados a los servicios energ\u00e9ticos, siendo un actor relevante en la promoci\u00f3n de pol\u00edticas p\u00fablicas del sector que beneficien a los habitantes de nuestro territorio.<\/p>\n<p>Siendo generadores de energ\u00eda sin fines de lucro, disminuyendo los costos del consumidor final, aumentando la competencia del sector y permitiendo el acceso del servicio a las comunas de nuestro territorio y su poblaci\u00f3n, mediante el uso de ERNC y el cobro de valores razonables del servicio.<\/p>\n<\/div>\n<\/div>\n<p>&nbsp;<\/p>\n<div class=\"elementor-element elementor-element-6f9d8d0 elementor-widget elementor-widget-text-editor\" data-id=\"6f9d8d0\" data-element_type=\"widget\" data-widget_type=\"text-editor.default\">\n<div class=\"elementor-widget-container\">\n<div class=\"elementor-element elementor-element-8dc0f8f elementor-widget elementor-widget-text-editor\" data-id=\"8dc0f8f\" data-element_type=\"widget\" data-widget_type=\"text-editor.default\">\n<div class=\"elementor-widget-container\">\n<p><b>Energ\u00eda colectiva &#8211; <\/b>Es una organizaci\u00f3n sin fines de lucro que promueve la participaci\u00f3n ciudadana en la transici\u00f3n energ\u00e9tica.<\/p>\n<\/div>\n<\/div>\n<div class=\"elementor-element elementor-element-95b13ed elementor-widget elementor-widget-text-editor\" data-id=\"95b13ed\" data-element_type=\"widget\" data-widget_type=\"text-editor.default\">\n<div class=\"elementor-widget-container\">\n<p><b>Kincha &#8211; <\/b>Es una cooperativa de trabajo interdisciplinaria, enfocada en la producci\u00f3n social del h\u00e1bitat sustentable en barrios y viviendas, que busca el desarrollo integral del territorio y sus comunidades.<\/p>\n<\/div>\n<\/div>\n<div class=\"elementor-element elementor-element-452ea17 elementor-widget elementor-widget-text-editor\" data-id=\"452ea17\" data-element_type=\"widget\" data-widget_type=\"text-editor.default\">\n<div class=\"elementor-widget-container\">\n<p><b>Centro Alerta &#8211; <\/b>Es una cooperativa de trabajo que se dedica a la formaci\u00f3n, investigaci\u00f3n y desarrollo de experiencias en el \u00e1mbito de la educaci\u00f3n y econom\u00eda solidaria.<\/p>\n<\/div>\n<\/div>\n<\/div>\n<\/div>\n<p><em>Si tiene dudas o comentarios puede enviar un correo a\u00a0<strong><a href=\"mailto:%20contato@energia.coop\">contato@energia.coop<\/a><\/strong>\u00a0indicando el pa\u00eds al inicio del mensaje.\u00a0<\/em><\/p>\n<p>&nbsp;<\/p>\n","protected":false},"excerpt":{"rendered":"<p>Acerca de esta plataforma Energ\u00eda Cooperativa es un proyecto piloto de apoyo a la asociaci\u00f3n comunitaria, a trav\u00e9s de cooperativas, para la generaci\u00f3n distribuida de energ\u00eda sostenible. Buscamos capacitar, apoyar, ejecutar y promover la producci\u00f3n de energ\u00edas renovables con participaci\u00f3n ciudadana en Chile. Este proyecto est\u00e1 en el marco de acci\u00f3n de la Cooperaci\u00f3n Alemana [&hellip;]<\/p>\n","protected":false},"author":2,"featured_media":57,"parent":0,"menu_order":14,"comment_status":"closed","ping_status":"closed","template":"page-sobre.php","meta":{"footnotes":""},"class_list":["post-18","page","type-page","status-publish","has-post-thumbnail","hentry"],"yoast_head":"<!-- This site is optimized with the Yoast SEO plugin v27.4 - https:\/\/yoast.com\/product\/yoast-seo-wordpress\/ -->\n<title>Sobre a plataforma - Energia Cooperativa<\/title>\n<meta name=\"robots\" content=\"index, follow, max-snippet:-1, max-image-preview:large, max-video-preview:-1\" \/>\n<link rel=\"canonical\" href=\"https:\/\/www2.energia.coop\/chile\/sobre-a-plataforma\/\" \/>\n<meta property=\"og:locale\" content=\"pt_BR\" \/>\n<meta property=\"og:type\" content=\"article\" \/>\n<meta property=\"og:title\" content=\"Sobre a plataforma - Energia Cooperativa\" \/>\n<meta property=\"og:description\" content=\"Acerca de esta plataforma Energ\u00eda Cooperativa es un proyecto piloto de apoyo a la asociaci\u00f3n comunitaria, a trav\u00e9s de cooperativas, para la generaci\u00f3n distribuida de energ\u00eda sostenible. Buscamos capacitar, apoyar, ejecutar y promover la producci\u00f3n de energ\u00edas renovables con participaci\u00f3n ciudadana en Chile. Este proyecto est\u00e1 en el marco de acci\u00f3n de la Cooperaci\u00f3n Alemana [&hellip;]\" \/>\n<meta property=\"og:url\" content=\"https:\/\/www2.energia.coop\/chile\/sobre-a-plataforma\/\" \/>\n<meta property=\"og:site_name\" content=\"Energia Cooperativa\" \/>\n<meta property=\"article:modified_time\" content=\"2024-10-04T16:14:07+00:00\" \/>\n<meta property=\"og:image\" content=\"https:\/\/www2.energia.coop\/chile\/wp-content\/uploads\/2020\/08\/gr_sobre.jpg\" \/>\n\t<meta property=\"og:image:width\" content=\"488\" \/>\n\t<meta property=\"og:image:height\" content=\"683\" \/>\n\t<meta property=\"og:image:type\" content=\"image\/jpeg\" \/>\n<meta name=\"twitter:card\" content=\"summary_large_image\" \/>\n<meta name=\"twitter:label1\" content=\"Est. tempo de leitura\" \/>\n\t<meta name=\"twitter:data1\" content=\"5 minutos\" \/>\n<script type=\"application\/ld+json\" class=\"yoast-schema-graph\">{\"@context\":\"https:\\\/\\\/schema.org\",\"@graph\":[{\"@type\":\"WebPage\",\"@id\":\"https:\\\/\\\/www2.energia.coop\\\/chile\\\/sobre-a-plataforma\\\/\",\"url\":\"https:\\\/\\\/www2.energia.coop\\\/chile\\\/sobre-a-plataforma\\\/\",\"name\":\"Sobre a plataforma - Energia Cooperativa\",\"isPartOf\":{\"@id\":\"https:\\\/\\\/www2.energia.coop\\\/chile\\\/#website\"},\"primaryImageOfPage\":{\"@id\":\"https:\\\/\\\/www2.energia.coop\\\/chile\\\/sobre-a-plataforma\\\/#primaryimage\"},\"image\":{\"@id\":\"https:\\\/\\\/www2.energia.coop\\\/chile\\\/sobre-a-plataforma\\\/#primaryimage\"},\"thumbnailUrl\":\"https:\\\/\\\/www2.energia.coop\\\/chile\\\/wp-content\\\/uploads\\\/2020\\\/08\\\/gr_sobre.jpg\",\"datePublished\":\"2020-08-23T22:22:48+00:00\",\"dateModified\":\"2024-10-04T16:14:07+00:00\",\"inLanguage\":\"pt-BR\",\"potentialAction\":[{\"@type\":\"ReadAction\",\"target\":[\"https:\\\/\\\/www2.energia.coop\\\/chile\\\/sobre-a-plataforma\\\/\"]}]},{\"@type\":\"ImageObject\",\"inLanguage\":\"pt-BR\",\"@id\":\"https:\\\/\\\/www2.energia.coop\\\/chile\\\/sobre-a-plataforma\\\/#primaryimage\",\"url\":\"https:\\\/\\\/www2.energia.coop\\\/chile\\\/wp-content\\\/uploads\\\/2020\\\/08\\\/gr_sobre.jpg\",\"contentUrl\":\"https:\\\/\\\/www2.energia.coop\\\/chile\\\/wp-content\\\/uploads\\\/2020\\\/08\\\/gr_sobre.jpg\",\"width\":488,\"height\":683,\"caption\":\"Desenho animado com um grupo de pessoas que est\u00e3o fora sob dois s\u00f3is e geram eletricidade a partir de usinas e\u00f3licas\"},{\"@type\":\"WebSite\",\"@id\":\"https:\\\/\\\/www2.energia.coop\\\/chile\\\/#website\",\"url\":\"https:\\\/\\\/www2.energia.coop\\\/chile\\\/\",\"name\":\"Energia Cooperativa\",\"description\":\"\",\"potentialAction\":[{\"@type\":\"SearchAction\",\"target\":{\"@type\":\"EntryPoint\",\"urlTemplate\":\"https:\\\/\\\/www2.energia.coop\\\/chile\\\/?s={search_term_string}\"},\"query-input\":{\"@type\":\"PropertyValueSpecification\",\"valueRequired\":true,\"valueName\":\"search_term_string\"}}],\"inLanguage\":\"pt-BR\"}]}<\/script>\n<!-- \/ Yoast SEO plugin. -->","yoast_head_json":{"title":"Sobre a plataforma - Energia Cooperativa","robots":{"index":"index","follow":"follow","max-snippet":"max-snippet:-1","max-image-preview":"max-image-preview:large","max-video-preview":"max-video-preview:-1"},"canonical":"https:\/\/www2.energia.coop\/chile\/sobre-a-plataforma\/","og_locale":"pt_BR","og_type":"article","og_title":"Sobre a plataforma - Energia Cooperativa","og_description":"Acerca de esta plataforma Energ\u00eda Cooperativa es un proyecto piloto de apoyo a la asociaci\u00f3n comunitaria, a trav\u00e9s de cooperativas, para la generaci\u00f3n distribuida de energ\u00eda sostenible. Buscamos capacitar, apoyar, ejecutar y promover la producci\u00f3n de energ\u00edas renovables con participaci\u00f3n ciudadana en Chile. Este proyecto est\u00e1 en el marco de acci\u00f3n de la Cooperaci\u00f3n Alemana [&hellip;]","og_url":"https:\/\/www2.energia.coop\/chile\/sobre-a-plataforma\/","og_site_name":"Energia Cooperativa","article_modified_time":"2024-10-04T16:14:07+00:00","og_image":[{"width":488,"height":683,"url":"https:\/\/www2.energia.coop\/chile\/wp-content\/uploads\/2020\/08\/gr_sobre.jpg","type":"image\/jpeg"}],"twitter_card":"summary_large_image","twitter_misc":{"Est. tempo de leitura":"5 minutos"},"schema":{"@context":"https:\/\/schema.org","@graph":[{"@type":"WebPage","@id":"https:\/\/www2.energia.coop\/chile\/sobre-a-plataforma\/","url":"https:\/\/www2.energia.coop\/chile\/sobre-a-plataforma\/","name":"Sobre a plataforma - Energia Cooperativa","isPartOf":{"@id":"https:\/\/www2.energia.coop\/chile\/#website"},"primaryImageOfPage":{"@id":"https:\/\/www2.energia.coop\/chile\/sobre-a-plataforma\/#primaryimage"},"image":{"@id":"https:\/\/www2.energia.coop\/chile\/sobre-a-plataforma\/#primaryimage"},"thumbnailUrl":"https:\/\/www2.energia.coop\/chile\/wp-content\/uploads\/2020\/08\/gr_sobre.jpg","datePublished":"2020-08-23T22:22:48+00:00","dateModified":"2024-10-04T16:14:07+00:00","inLanguage":"pt-BR","potentialAction":[{"@type":"ReadAction","target":["https:\/\/www2.energia.coop\/chile\/sobre-a-plataforma\/"]}]},{"@type":"ImageObject","inLanguage":"pt-BR","@id":"https:\/\/www2.energia.coop\/chile\/sobre-a-plataforma\/#primaryimage","url":"https:\/\/www2.energia.coop\/chile\/wp-content\/uploads\/2020\/08\/gr_sobre.jpg","contentUrl":"https:\/\/www2.energia.coop\/chile\/wp-content\/uploads\/2020\/08\/gr_sobre.jpg","width":488,"height":683,"caption":"Desenho animado com um grupo de pessoas que est\u00e3o fora sob dois s\u00f3is e geram eletricidade a partir de usinas e\u00f3licas"},{"@type":"WebSite","@id":"https:\/\/www2.energia.coop\/chile\/#website","url":"https:\/\/www2.energia.coop\/chile\/","name":"Energia Cooperativa","description":"","potentialAction":[{"@type":"SearchAction","target":{"@type":"EntryPoint","urlTemplate":"https:\/\/www2.energia.coop\/chile\/?s={search_term_string}"},"query-input":{"@type":"PropertyValueSpecification","valueRequired":true,"valueName":"search_term_string"}}],"inLanguage":"pt-BR"}]}},"post_mailing_queue_ids":[],"_links":{"self":[{"href":"https:\/\/www2.energia.coop\/chile\/wp-json\/wp\/v2\/pages\/18","targetHints":{"allow":["GET"]}}],"collection":[{"href":"https:\/\/www2.energia.coop\/chile\/wp-json\/wp\/v2\/pages"}],"about":[{"href":"https:\/\/www2.energia.coop\/chile\/wp-json\/wp\/v2\/types\/page"}],"author":[{"embeddable":true,"href":"https:\/\/www2.energia.coop\/chile\/wp-json\/wp\/v2\/users\/2"}],"replies":[{"embeddable":true,"href":"https:\/\/www2.energia.coop\/chile\/wp-json\/wp\/v2\/comments?post=18"}],"version-history":[{"count":0,"href":"https:\/\/www2.energia.coop\/chile\/wp-json\/wp\/v2\/pages\/18\/revisions"}],"wp:featuredmedia":[{"embeddable":true,"href":"https:\/\/www2.energia.coop\/chile\/wp-json\/wp\/v2\/media\/57"}],"wp:attachment":[{"href":"https:\/\/www2.energia.coop\/chile\/wp-json\/wp\/v2\/media?parent=18"}],"curies":[{"name":"wp","href":"https:\/\/api.w.org\/{rel}","templated":true}]}}