

{"id":3003,"date":"2025-02-25T14:17:17","date_gmt":"2025-02-25T17:17:17","guid":{"rendered":"https:\/\/www2.energia.coop\/brasil\/grupo-de-trabalho-2\/"},"modified":"2025-02-25T14:31:37","modified_gmt":"2025-02-25T17:31:37","slug":"dados-gd","status":"publish","type":"page","link":"https:\/\/www2.energia.coop\/brasil\/dados-gd\/","title":{"rendered":"Dados GD"},"content":{"rendered":"<h1 style='color: #0c715d; font-size: 58px;font-family: \"Roboto-Medium\";padding:bottom:30px;'><a id=\"dados\" name=\"dados\"><\/a> Dados do cooperativismo de energia<\/h1>\n<div class=\"infogram-embed\" data-id=\"70b1f3f7-e96d-46f8-a975-f4d453733be5\" data-type=\"interactive\" data-title=\"Dados do cooperativismo de energia\"><\/div>\n<p><script>!function(e,n,i,s){var d=\"InfogramEmbeds\";var o=e.getElementsByTagName(n)[0];if(window[d]&&window[d].initialized)window[d].process&&window[d].process();else if(!e.getElementById(i)){var r=e.createElement(n);r.async=1,r.id=i,r.src=s,o.parentNode.insertBefore(r,o)}}(document,\"script\",\"infogram-async\",\"https:\/\/e.infogram.com\/js\/dist\/embed-loader-min.js\");<\/script><\/p>\n<div style=\"padding: 8px 0; font-family: Arial!important; font-size: 13px!important; line-height: 15px!important; text-align: center; border-top: 1px solid #dadada; margin: 0 30px;\"><\/div>\n<h3 style='font-family: \"Roboto-Regular\";font-size: 24px;line-height: 36px;color: #0c715d;margin-bottom: 20px;'>Metodologia de obten\u00e7\u00e3o e trabalho de dados de Gera\u00e7\u00e3o Distribu\u00edda Cooperativa no Brasil<\/h3>\n<p><strong style=\"color:black;\">1. Introdu\u00e7\u00e3o<\/strong> &#8211; O objetivo desta apresenta\u00e7\u00e3o \u00e9 mostrar a evolu\u00e7\u00e3o do cooperativismo na gera\u00e7\u00e3o distribu\u00edda de energia el\u00e9trica. Os dados foram obtidos da Ag\u00eancia Nacional de Energia El\u00e9trica (ANEEL).<\/p>\n<p><strong style=\"color:black;\">2. Coleta de Dados<\/strong> &#8211; Os dados foram obtidos a partir dos registros da Ag\u00eancia Nacional de Energia El\u00e9trica (ANEEL), que \u00e9 a entidade reguladora do setor el\u00e9trico no Brasil. O acesso aos dados \u00e9 feito atrav\u00e9s do portal de dados abertos da ANEEL.<\/p>\n<p><strong style=\"color:black;\">3. Tratamento dos dados<\/strong> \u2013 Os dados s\u00e3o tratados utilizando Power BI e Excel. O tratamento envolve a segrega\u00e7\u00e3o das entidades registradas como pessoas jur\u00eddicas e, dentre estas, a identifica\u00e7\u00e3o daquelas que possuem &#8220;cooperativa&#8221; em seu nome. \u00c9 importante notar que esses n\u00fameros s\u00e3o m\u00ednimos e aproximados, pois algumas cooperativas podem n\u00e3o ter o termo &#8220;cooperativa&#8221; no nome titular da unidade consumidora de energia el\u00e9trica participante da Gera\u00e7\u00e3o Distribu\u00edda.<\/p>\n<p><strong style=\"color:black;\">4. Isen\u00e7\u00e3o de responsabilidade<\/strong> &#8211; As informa\u00e7\u00f5es apresentadas s\u00e3o apenas para fins informativos. O site e os seus administradores n\u00e3o t\u00eam responsabilidade sobre as informa\u00e7\u00f5es fornecidas.<\/p>\n","protected":false},"excerpt":{"rendered":"<p>Dados do cooperativismo de energia Metodologia de obten\u00e7\u00e3o e trabalho de dados de Gera\u00e7\u00e3o Distribu\u00edda Cooperativa no Brasil 1. Introdu\u00e7\u00e3o &#8211; O objetivo desta apresenta\u00e7\u00e3o \u00e9 mostrar a evolu\u00e7\u00e3o do cooperativismo na gera\u00e7\u00e3o distribu\u00edda de energia el\u00e9trica. Os dados foram obtidos da Ag\u00eancia Nacional de Energia El\u00e9trica (ANEEL). 2. Coleta de Dados &#8211; Os dados [&hellip;]<\/p>\n","protected":false},"author":3,"featured_media":0,"parent":0,"menu_order":9,"comment_status":"closed","ping_status":"closed","template":"page-dados-gd.php","meta":{"_acf_changed":false,"footnotes":""},"class_list":["post-3003","page","type-page","status-publish","hentry"],"acf":[],"yoast_head":"<!-- This site is optimized with the Yoast SEO plugin v27.4 - https:\/\/yoast.com\/product\/yoast-seo-wordpress\/ -->\n<title>Dados GD - Energia Cooperativa<\/title>\n<meta name=\"robots\" content=\"index, follow, max-snippet:-1, max-image-preview:large, max-video-preview:-1\" \/>\n<link rel=\"canonical\" href=\"https:\/\/www2.energia.coop\/brasil\/dados-gd\/\" \/>\n<meta property=\"og:locale\" content=\"pt_BR\" \/>\n<meta property=\"og:type\" content=\"article\" \/>\n<meta property=\"og:title\" content=\"Dados GD - Energia Cooperativa\" \/>\n<meta property=\"og:description\" content=\"Dados do cooperativismo de energia Metodologia de obten\u00e7\u00e3o e trabalho de dados de Gera\u00e7\u00e3o Distribu\u00edda Cooperativa no Brasil 1. Introdu\u00e7\u00e3o &#8211; O objetivo desta apresenta\u00e7\u00e3o \u00e9 mostrar a evolu\u00e7\u00e3o do cooperativismo na gera\u00e7\u00e3o distribu\u00edda de energia el\u00e9trica. Os dados foram obtidos da Ag\u00eancia Nacional de Energia El\u00e9trica (ANEEL). 2. Coleta de Dados &#8211; Os dados [&hellip;]\" \/>\n<meta property=\"og:url\" content=\"https:\/\/www2.energia.coop\/brasil\/dados-gd\/\" \/>\n<meta property=\"og:site_name\" content=\"Energia Cooperativa\" \/>\n<meta property=\"article:modified_time\" content=\"2025-02-25T17:31:37+00:00\" \/>\n<meta name=\"twitter:card\" content=\"summary_large_image\" \/>\n<meta name=\"twitter:label1\" content=\"Est. tempo de leitura\" \/>\n\t<meta name=\"twitter:data1\" content=\"2 minutos\" \/>\n<script type=\"application\/ld+json\" class=\"yoast-schema-graph\">{\"@context\":\"https:\\\/\\\/schema.org\",\"@graph\":[{\"@type\":\"WebPage\",\"@id\":\"https:\\\/\\\/www2.energia.coop\\\/brasil\\\/dados-gd\\\/\",\"url\":\"https:\\\/\\\/www2.energia.coop\\\/brasil\\\/dados-gd\\\/\",\"name\":\"Dados GD - Energia Cooperativa\",\"isPartOf\":{\"@id\":\"https:\\\/\\\/www2.energia.coop\\\/brasil\\\/#website\"},\"datePublished\":\"2025-02-25T17:17:17+00:00\",\"dateModified\":\"2025-02-25T17:31:37+00:00\",\"inLanguage\":\"pt-BR\",\"potentialAction\":[{\"@type\":\"ReadAction\",\"target\":[\"https:\\\/\\\/www2.energia.coop\\\/brasil\\\/dados-gd\\\/\"]}]},{\"@type\":\"WebSite\",\"@id\":\"https:\\\/\\\/www2.energia.coop\\\/brasil\\\/#website\",\"url\":\"https:\\\/\\\/www2.energia.coop\\\/brasil\\\/\",\"name\":\"Energia Cooperativa\",\"description\":\"\",\"potentialAction\":[{\"@type\":\"SearchAction\",\"target\":{\"@type\":\"EntryPoint\",\"urlTemplate\":\"https:\\\/\\\/www2.energia.coop\\\/brasil\\\/?s={search_term_string}\"},\"query-input\":{\"@type\":\"PropertyValueSpecification\",\"valueRequired\":true,\"valueName\":\"search_term_string\"}}],\"inLanguage\":\"pt-BR\"}]}<\/script>\n<!-- \/ Yoast SEO plugin. -->","yoast_head_json":{"title":"Dados GD - Energia Cooperativa","robots":{"index":"index","follow":"follow","max-snippet":"max-snippet:-1","max-image-preview":"max-image-preview:large","max-video-preview":"max-video-preview:-1"},"canonical":"https:\/\/www2.energia.coop\/brasil\/dados-gd\/","og_locale":"pt_BR","og_type":"article","og_title":"Dados GD - Energia Cooperativa","og_description":"Dados do cooperativismo de energia Metodologia de obten\u00e7\u00e3o e trabalho de dados de Gera\u00e7\u00e3o Distribu\u00edda Cooperativa no Brasil 1. Introdu\u00e7\u00e3o &#8211; O objetivo desta apresenta\u00e7\u00e3o \u00e9 mostrar a evolu\u00e7\u00e3o do cooperativismo na gera\u00e7\u00e3o distribu\u00edda de energia el\u00e9trica. Os dados foram obtidos da Ag\u00eancia Nacional de Energia El\u00e9trica (ANEEL). 2. Coleta de Dados &#8211; Os dados [&hellip;]","og_url":"https:\/\/www2.energia.coop\/brasil\/dados-gd\/","og_site_name":"Energia Cooperativa","article_modified_time":"2025-02-25T17:31:37+00:00","twitter_card":"summary_large_image","twitter_misc":{"Est. tempo de leitura":"2 minutos"},"schema":{"@context":"https:\/\/schema.org","@graph":[{"@type":"WebPage","@id":"https:\/\/www2.energia.coop\/brasil\/dados-gd\/","url":"https:\/\/www2.energia.coop\/brasil\/dados-gd\/","name":"Dados GD - Energia Cooperativa","isPartOf":{"@id":"https:\/\/www2.energia.coop\/brasil\/#website"},"datePublished":"2025-02-25T17:17:17+00:00","dateModified":"2025-02-25T17:31:37+00:00","inLanguage":"pt-BR","potentialAction":[{"@type":"ReadAction","target":["https:\/\/www2.energia.coop\/brasil\/dados-gd\/"]}]},{"@type":"WebSite","@id":"https:\/\/www2.energia.coop\/brasil\/#website","url":"https:\/\/www2.energia.coop\/brasil\/","name":"Energia Cooperativa","description":"","potentialAction":[{"@type":"SearchAction","target":{"@type":"EntryPoint","urlTemplate":"https:\/\/www2.energia.coop\/brasil\/?s={search_term_string}"},"query-input":{"@type":"PropertyValueSpecification","valueRequired":true,"valueName":"search_term_string"}}],"inLanguage":"pt-BR"}]}},"_links":{"self":[{"href":"https:\/\/www2.energia.coop\/brasil\/wp-json\/wp\/v2\/pages\/3003","targetHints":{"allow":["GET"]}}],"collection":[{"href":"https:\/\/www2.energia.coop\/brasil\/wp-json\/wp\/v2\/pages"}],"about":[{"href":"https:\/\/www2.energia.coop\/brasil\/wp-json\/wp\/v2\/types\/page"}],"author":[{"embeddable":true,"href":"https:\/\/www2.energia.coop\/brasil\/wp-json\/wp\/v2\/users\/3"}],"replies":[{"embeddable":true,"href":"https:\/\/www2.energia.coop\/brasil\/wp-json\/wp\/v2\/comments?post=3003"}],"version-history":[{"count":0,"href":"https:\/\/www2.energia.coop\/brasil\/wp-json\/wp\/v2\/pages\/3003\/revisions"}],"wp:attachment":[{"href":"https:\/\/www2.energia.coop\/brasil\/wp-json\/wp\/v2\/media?parent=3003"}],"curies":[{"name":"wp","href":"https:\/\/api.w.org\/{rel}","templated":true}]}}