

{"id":26,"date":"2020-08-26T14:24:56","date_gmt":"2020-08-26T17:24:56","guid":{"rendered":"https:\/\/www2.energia.coop\/brasil\/?page_id=26"},"modified":"2025-07-07T11:14:40","modified_gmt":"2025-07-07T14:14:40","slug":"como-fundar-uma-coop","status":"publish","type":"page","link":"https:\/\/www2.energia.coop\/brasil\/como-fundar-uma-coop\/","title":{"rendered":"Como fundar uma Coop"},"content":{"rendered":"","protected":false},"excerpt":{"rendered":"","protected":false},"author":2,"featured_media":0,"parent":0,"menu_order":13,"comment_status":"closed","ping_status":"closed","template":"page-como-fundar-uma-coop.php","meta":{"_acf_changed":false,"footnotes":""},"class_list":["post-26","page","type-page","status-publish","hentry"],"acf":[],"yoast_head":"<!-- This site is optimized with the Yoast SEO plugin v27.4 - https:\/\/yoast.com\/product\/yoast-seo-wordpress\/ -->\n<title>Como fundar uma Coop - Energia Cooperativa<\/title>\n<meta name=\"description\" content=\"Uma cooperativa de energia consiste na reuni\u00e3o de pessoas que t\u00eam o objetivo de realizar servi\u00e7os ou produtos relacionados \u00e0 energia.\" \/>\n<meta name=\"robots\" content=\"index, follow, max-snippet:-1, max-image-preview:large, max-video-preview:-1\" \/>\n<link rel=\"canonical\" href=\"https:\/\/www2.energia.coop\/brasil\/como-fundar-uma-coop\/\" \/>\n<meta property=\"og:locale\" content=\"pt_BR\" \/>\n<meta property=\"og:type\" content=\"article\" \/>\n<meta property=\"og:title\" content=\"Como fundar uma Coop - Energia Cooperativa\" \/>\n<meta property=\"og:description\" content=\"Uma cooperativa de energia consiste na reuni\u00e3o de pessoas que t\u00eam o objetivo de realizar servi\u00e7os ou produtos relacionados \u00e0 energia.\" \/>\n<meta property=\"og:url\" content=\"https:\/\/www2.energia.coop\/brasil\/como-fundar-uma-coop\/\" \/>\n<meta property=\"og:site_name\" content=\"Energia Cooperativa\" \/>\n<meta property=\"article:modified_time\" content=\"2025-07-07T14:14:40+00:00\" \/>\n<meta name=\"twitter:card\" content=\"summary_large_image\" \/>\n<script type=\"application\/ld+json\" class=\"yoast-schema-graph\">{\"@context\":\"https:\\\/\\\/schema.org\",\"@graph\":[{\"@type\":\"WebPage\",\"@id\":\"https:\\\/\\\/www2.energia.coop\\\/brasil\\\/como-fundar-uma-coop\\\/\",\"url\":\"https:\\\/\\\/www2.energia.coop\\\/brasil\\\/como-fundar-uma-coop\\\/\",\"name\":\"Como fundar uma Coop - Energia Cooperativa\",\"isPartOf\":{\"@id\":\"https:\\\/\\\/www2.energia.coop\\\/brasil\\\/#website\"},\"datePublished\":\"2020-08-26T17:24:56+00:00\",\"dateModified\":\"2025-07-07T14:14:40+00:00\",\"description\":\"Uma cooperativa de energia consiste na reuni\u00e3o de pessoas que t\u00eam o objetivo de realizar servi\u00e7os ou produtos relacionados \u00e0 energia.\",\"inLanguage\":\"pt-BR\",\"potentialAction\":[{\"@type\":\"ReadAction\",\"target\":[\"https:\\\/\\\/www2.energia.coop\\\/brasil\\\/como-fundar-uma-coop\\\/\"]}]},{\"@type\":\"WebSite\",\"@id\":\"https:\\\/\\\/www2.energia.coop\\\/brasil\\\/#website\",\"url\":\"https:\\\/\\\/www2.energia.coop\\\/brasil\\\/\",\"name\":\"Energia Cooperativa\",\"description\":\"\",\"potentialAction\":[{\"@type\":\"SearchAction\",\"target\":{\"@type\":\"EntryPoint\",\"urlTemplate\":\"https:\\\/\\\/www2.energia.coop\\\/brasil\\\/?s={search_term_string}\"},\"query-input\":{\"@type\":\"PropertyValueSpecification\",\"valueRequired\":true,\"valueName\":\"search_term_string\"}}],\"inLanguage\":\"pt-BR\"}]}<\/script>\n<!-- \/ Yoast SEO plugin. -->","yoast_head_json":{"title":"Como fundar uma Coop - Energia Cooperativa","description":"Uma cooperativa de energia consiste na reuni\u00e3o de pessoas que t\u00eam o objetivo de realizar servi\u00e7os ou produtos relacionados \u00e0 energia.","robots":{"index":"index","follow":"follow","max-snippet":"max-snippet:-1","max-image-preview":"max-image-preview:large","max-video-preview":"max-video-preview:-1"},"canonical":"https:\/\/www2.energia.coop\/brasil\/como-fundar-uma-coop\/","og_locale":"pt_BR","og_type":"article","og_title":"Como fundar uma Coop - Energia Cooperativa","og_description":"Uma cooperativa de energia consiste na reuni\u00e3o de pessoas que t\u00eam o objetivo de realizar servi\u00e7os ou produtos relacionados \u00e0 energia.","og_url":"https:\/\/www2.energia.coop\/brasil\/como-fundar-uma-coop\/","og_site_name":"Energia Cooperativa","article_modified_time":"2025-07-07T14:14:40+00:00","twitter_card":"summary_large_image","schema":{"@context":"https:\/\/schema.org","@graph":[{"@type":"WebPage","@id":"https:\/\/www2.energia.coop\/brasil\/como-fundar-uma-coop\/","url":"https:\/\/www2.energia.coop\/brasil\/como-fundar-uma-coop\/","name":"Como fundar uma Coop - Energia Cooperativa","isPartOf":{"@id":"https:\/\/www2.energia.coop\/brasil\/#website"},"datePublished":"2020-08-26T17:24:56+00:00","dateModified":"2025-07-07T14:14:40+00:00","description":"Uma cooperativa de energia consiste na reuni\u00e3o de pessoas que t\u00eam o objetivo de realizar servi\u00e7os ou produtos relacionados \u00e0 energia.","inLanguage":"pt-BR","potentialAction":[{"@type":"ReadAction","target":["https:\/\/www2.energia.coop\/brasil\/como-fundar-uma-coop\/"]}]},{"@type":"WebSite","@id":"https:\/\/www2.energia.coop\/brasil\/#website","url":"https:\/\/www2.energia.coop\/brasil\/","name":"Energia Cooperativa","description":"","potentialAction":[{"@type":"SearchAction","target":{"@type":"EntryPoint","urlTemplate":"https:\/\/www2.energia.coop\/brasil\/?s={search_term_string}"},"query-input":{"@type":"PropertyValueSpecification","valueRequired":true,"valueName":"search_term_string"}}],"inLanguage":"pt-BR"}]}},"_links":{"self":[{"href":"https:\/\/www2.energia.coop\/brasil\/wp-json\/wp\/v2\/pages\/26","targetHints":{"allow":["GET"]}}],"collection":[{"href":"https:\/\/www2.energia.coop\/brasil\/wp-json\/wp\/v2\/pages"}],"about":[{"href":"https:\/\/www2.energia.coop\/brasil\/wp-json\/wp\/v2\/types\/page"}],"author":[{"embeddable":true,"href":"https:\/\/www2.energia.coop\/brasil\/wp-json\/wp\/v2\/users\/2"}],"replies":[{"embeddable":true,"href":"https:\/\/www2.energia.coop\/brasil\/wp-json\/wp\/v2\/comments?post=26"}],"version-history":[{"count":0,"href":"https:\/\/www2.energia.coop\/brasil\/wp-json\/wp\/v2\/pages\/26\/revisions"}],"wp:attachment":[{"href":"https:\/\/www2.energia.coop\/brasil\/wp-json\/wp\/v2\/media?parent=26"}],"curies":[{"name":"wp","href":"https:\/\/api.w.org\/{rel}","templated":true}]}}